{"id":100,"date":"2020-06-01T14:32:10","date_gmt":"2020-06-01T14:32:10","guid":{"rendered":"https:\/\/themes.muffingroup.com\/be\/erp2\/?page_id=3"},"modified":"2025-10-21T10:42:11","modified_gmt":"2025-10-21T08:42:11","slug":"privacy-policy","status":"publish","type":"page","link":"https:\/\/job.manualjobsearch.com\/ar\/privacy-policy\/","title":{"rendered":"\u0644\u0648\u0627\u0626\u062d \u062d\u0645\u0627\u064a\u0629 \u0627\u0644\u0628\u064a\u0627\u0646\u0627\u062a"},"content":{"rendered":"<div data-elementor-type=\"wp-page\" data-elementor-id=\"100\" class=\"elementor elementor-100\" data-elementor-post-type=\"page\">\n\t\t\t\t<div class=\"elementor-element elementor-element-5f55b4e e-con-full e-flex e-con e-parent\" data-id=\"5f55b4e\" data-element_type=\"container\" data-e-type=\"container\">\n\t\t\t\t<div class=\"elementor-element elementor-element-3b8add2 elementor-widget elementor-widget-spacer\" data-id=\"3b8add2\" data-element_type=\"widget\" data-e-type=\"widget\" data-widget_type=\"spacer.default\">\n\t\t\t\t<div class=\"elementor-widget-container\">\n\t\t\t\t\t\t\t<div class=\"elementor-spacer\">\n\t\t\t<div class=\"elementor-spacer-inner\"><\/div>\n\t\t<\/div>\n\t\t\t\t\t\t<\/div>\n\t\t\t\t<\/div>\n\t\t\t\t<div class=\"elementor-element elementor-element-9f0e8f3 elementor-widget elementor-widget-heading\" data-id=\"9f0e8f3\" data-element_type=\"widget\" data-e-type=\"widget\" data-widget_type=\"heading.default\">\n\t\t\t\t<div class=\"elementor-widget-container\">\n\t\t\t\t\t<h1 class=\"elementor-heading-title elementor-size-default\">\u0633\u064a\u0627\u0633\u0629 \u0627\u0644\u062e\u0635\u0648\u0635\u064a\u0629<\/h1>\t\t\t\t<\/div>\n\t\t\t\t<\/div>\n\t\t\t\t<div class=\"elementor-element elementor-element-f7e0dfb elementor-widget__width-inherit elementor-widget-widescreen__width-initial elementor-widget-mobile__width-inherit elementor-widget elementor-widget-text-editor\" data-id=\"f7e0dfb\" data-element_type=\"widget\" data-e-type=\"widget\" data-widget_type=\"text-editor.default\">\n\t\t\t\t<div class=\"elementor-widget-container\">\n\t\t\t\t\t\t\t\t\t<p><strong>\u062a\u0646\u0637\u0628\u0642 \u0633\u064a\u0627\u0633\u0629 \u0627\u0644\u062e\u0635\u0648\u0635\u064a\u0629 \u0647\u0630\u0647 \u0639\u0644\u0649 MJS 4 ME PTE. LTD.\u060c \u0627\u0644\u0645\u062f\u064a\u0631: Zornitsa Haralampieva Sabeva \u0648\u0645\u0643\u0627\u0646 \u0639\u0645\u0644\u0647\u0627 \u0627\u0644\u0631\u0626\u064a\u0633\u064a \u0647\u0648 1 North Bridge Rd #B1-35 High Street Center 179094 \u0633\u0646\u063a\u0627\u0641\u0648\u0631\u0629\u060c \u0627\u0644\u0647\u0627\u062a\u0641: +6582400319<\/strong><strong>\u0627\u0644\u062e\u062f\u0645\u0627\u062a \u0627\u0644\u062a\u064a \u0646\u0642\u062f\u0645\u0647\u0627 \u0648\u0643\u064a\u0641\u064a\u0629 \u062a\u0639\u0627\u0645\u0644\u0646\u0627 \u0645\u0639 \u0627\u0644\u0628\u064a\u0627\u0646\u0627\u062a \u0627\u0644\u0634\u062e\u0635\u064a\u0629 \u0648\u0641\u0642\u064b\u0627 \u0644\u0642\u0627\u0646\u0648\u0646 \u062d\u0645\u0627\u064a\u0629 \u0627\u0644\u0628\u064a\u0627\u0646\u0627\u062a \u0627\u0644\u0634\u062e\u0635\u064a\u0629 \u0641\u064a \u0633\u0646\u063a\u0627\u0641\u0648\u0631\u0629.<\/strong><\/p>\n<h2 style=\"color: #333ad7;\"><strong>1. \u062c\u0645\u0639 \u0627\u0644\u0645\u0639\u0644\u0648\u0645\u0627\u062a<\/strong><\/h2>\n<p><strong>\u0642\u062f \u0646\u062c\u0645\u0639 \u0628\u064a\u0627\u0646\u0627\u062a \u0634\u062e\u0635\u064a\u0629 \u0645\u0646\u0643 \u0639\u0646\u062f\u0645\u0627 \u062a\u0633\u062a\u062e\u062f\u0645 \u062e\u062f\u0645\u0627\u062a\u0646\u0627 \u0623\u0648 \u062a\u0632\u0648\u0631 \u0645\u0648\u0642\u0639\u0646\u0627 \u0627\u0644\u0625\u0644\u0643\u062a\u0631\u0648\u0646\u064a. \u062a\u0634\u0645\u0644 \u0623\u0646\u0648\u0627\u0639 \u0627\u0644\u0628\u064a\u0627\u0646\u0627\u062a \u0627\u0644\u0634\u062e\u0635\u064a\u0629 \u0627\u0644\u062a\u064a \u0642\u062f \u0646\u062c\u0645\u0639\u0647\u0627\u060c \u0639\u0644\u0649 \u0633\u0628\u064a\u0644 \u0627\u0644\u0645\u062b\u0627\u0644 \u0644\u0627 \u0627\u0644\u062d\u0635\u0631\u060c \u0627\u0633\u0645\u0643 \u0648\u062a\u0641\u0627\u0635\u064a\u0644 \u0627\u0644\u0627\u062a\u0635\u0627\u0644 \u0628\u0643 \u0648\u0639\u0646\u0648\u0627\u0646 IP \u0648\u0645\u0639\u0644\u0648\u0645\u0627\u062a \u0627\u0644\u0645\u0639\u0627\u0645\u0644\u0627\u062a \u0627\u0644\u0645\u062a\u0639\u0644\u0642\u0629 \u0628\u0627\u0633\u062a\u062e\u062f\u0627\u0645\u0643 \u0644\u062e\u062f\u0645\u0627\u062a\u0646\u0627.<\/strong><\/p>\n<h2 style=\"color: #333ad7;\"><strong>2- \u0627\u0633\u062a\u062e\u062f\u0627\u0645 \u0627\u0644\u0628\u064a\u0627\u0646\u0627\u062a \u0627\u0644\u0634\u062e\u0635\u064a\u0629<\/strong><\/h2>\n<p><strong>\u064a\u0645\u0643\u0646 \u0627\u0633\u062a\u062e\u062f\u0627\u0645 \u0627\u0644\u0628\u064a\u0627\u0646\u0627\u062a \u0627\u0644\u0634\u062e\u0635\u064a\u0629 \u0627\u0644\u062a\u064a \u0646\u062c\u0645\u0639\u0647\u0627 \u0644\u0644\u0623\u063a\u0631\u0627\u0636 \u0627\u0644\u062a\u0627\u0644\u064a\u0629:<\/strong><\/p>\n<p><strong>- \u062a\u0648\u0641\u064a\u0631 \u062e\u062f\u0645\u0627\u062a\u0646\u0627 \u0648\u0635\u064a\u0627\u0646\u062a\u0647\u0627 \u0648\u062a\u062d\u0633\u064a\u0646\u0647\u0627;<\/strong><\/p>\n<p><strong>- \u0627\u0644\u0625\u062c\u0627\u0628\u0629 \u0639\u0644\u0649 \u0623\u0633\u0626\u0644\u062a\u0643 \u0623\u0648 \u0645\u0644\u0627\u062d\u0638\u0627\u062a\u0643;<\/strong><\/p>\n<p><strong>- \u0625\u062c\u0631\u0627\u0621 \u0623\u0628\u062d\u0627\u062b \u0627\u0644\u0633\u0648\u0642 \u0623\u0648 \u0627\u0633\u062a\u0637\u0644\u0627\u0639\u0627\u062a \u0627\u0644\u0631\u0623\u064a \u0644\u062a\u062d\u0633\u064a\u0646 \u0645\u0646\u062a\u062c\u0627\u062a\u0646\u0627 \u0648\u062e\u062f\u0645\u0627\u062a\u0646\u0627;<\/strong><\/p>\n<p><strong>- \u0627\u0644\u0627\u0645\u062a\u062b\u0627\u0644 \u0644\u062c\u0645\u064a\u0639 \u0627\u0644\u0642\u0648\u0627\u0646\u064a\u0646 \u0623\u0648 \u0627\u0644\u0644\u0648\u0627\u0626\u062d \u0623\u0648 \u0627\u0644\u062a\u0648\u062c\u064a\u0647\u0627\u062a \u0627\u0644\u0645\u0639\u0645\u0648\u0644 \u0628\u0647\u0627.<\/strong><\/p>\n<h2 style=\"color: #333ad7;\"><strong>3- \u0627\u0644\u0625\u0641\u0635\u0627\u062d \u0639\u0646 \u0627\u0644\u0628\u064a\u0627\u0646\u0627\u062a \u0627\u0644\u0634\u062e\u0635\u064a\u0629<\/strong><\/h2>\n<p><strong>\u0644\u0646 \u0646\u0641\u0635\u062d \u0639\u0646 \u0628\u064a\u0627\u0646\u0627\u062a\u0643 \u0627\u0644\u0634\u062e\u0635\u064a\u0629 \u0644\u0623\u0637\u0631\u0627\u0641 \u062b\u0627\u0644\u062b\u0629 \u062f\u0648\u0646 \u0645\u0648\u0627\u0641\u0642\u062a\u0643\u060c \u0645\u0627 \u0644\u0645 \u064a\u0643\u0646 \u0630\u0644\u0643 \u0645\u0637\u0644\u0648\u0628\u064b\u0627 \u0628\u0645\u0648\u062c\u0628 \u0627\u0644\u0642\u0627\u0646\u0648\u0646 \u0623\u0648 \u0641\u064a \u0633\u064a\u0627\u0642 \u0627\u0644\u0625\u062c\u0631\u0627\u0621\u0627\u062a \u0627\u0644\u0642\u0627\u0646\u0648\u0646\u064a\u0629. \u0642\u062f \u0646\u0646\u0642\u0644 \u0628\u064a\u0627\u0646\u0627\u062a\u0643 \u0627\u0644\u0634\u062e\u0635\u064a\u0629 \u0625\u0644\u0649 \u0645\u0632\u0648\u062f\u064a \u0627\u0644\u062e\u062f\u0645\u0629 \u0627\u0644\u0630\u064a\u0646 \u064a\u062f\u0639\u0645\u0648\u0646\u0646\u0627 \u0641\u064a \u062a\u0642\u062f\u064a\u0645 \u062e\u062f\u0645\u0627\u062a\u0646\u0627. \u0648\u0645\u0639 \u0630\u0644\u0643\u060c \u0641\u0647\u0645 \u0645\u0644\u0632\u0645\u0648\u0646 \u0628\u0627\u0644\u062a\u0639\u0627\u0645\u0644 \u0645\u0639 \u0628\u064a\u0627\u0646\u0627\u062a\u0643 \u0628\u0633\u0631\u064a\u0629 \u0648\u0639\u062f\u0645 \u0627\u0633\u062a\u062e\u062f\u0627\u0645\u0647\u0627 \u0644\u0623\u063a\u0631\u0627\u0636 \u0623\u062e\u0631\u0649.<\/strong><\/p>\n<h2 style=\"color: #333ad7;\"><strong>4 - \u0627\u0644\u0633\u0644\u0627\u0645\u0629<\/strong><\/h2>\n<p><strong>\u0646\u062d\u0646 \u0646\u0633\u0639\u0649 \u0644\u0636\u0645\u0627\u0646 \u0623\u0645\u0646 \u0628\u064a\u0627\u0646\u0627\u062a\u0643 \u0627\u0644\u0634\u062e\u0635\u064a\u0629. \u0644\u0642\u062f \u0627\u062a\u062e\u0630\u0646\u0627 \u0627\u0644\u062a\u062f\u0627\u0628\u064a\u0631 \u0627\u0644\u0645\u0627\u062f\u064a\u0629 \u0648\u0627\u0644\u062a\u0642\u0646\u064a\u0629 \u0627\u0644\u0645\u0646\u0627\u0633\u0628\u0629 \u0644\u062d\u0645\u0627\u064a\u0629 \u0628\u064a\u0627\u0646\u0627\u062a\u0643 \u0627\u0644\u0634\u062e\u0635\u064a\u0629 \u0645\u0646 \u0627\u0644\u0648\u0635\u0648\u0644 \u063a\u064a\u0631 \u0627\u0644\u0645\u0635\u0631\u062d \u0628\u0647 \u0623\u0648 \u0627\u0644\u0627\u0633\u062a\u062e\u062f\u0627\u0645 \u0623\u0648 \u0627\u0644\u0625\u0641\u0635\u0627\u062d \u0623\u0648 \u0627\u0644\u062a\u063a\u064a\u064a\u0631 \u0623\u0648 \u0627\u0644\u062a\u062f\u0645\u064a\u0631.<\/strong><\/p>\n<h2 style=\"color: #333ad7;\"><strong>5- \u0645\u0644\u0641\u0627\u062a \u062a\u0639\u0631\u064a\u0641 \u0627\u0644\u0627\u0631\u062a\u0628\u0627\u0637 \u0648\u062a\u0642\u0646\u064a\u0627\u062a \u0627\u0644\u062a\u062a\u0628\u0639 \u0627\u0644\u0623\u062e\u0631\u0649<\/strong><\/h2>\n<p><strong>\u0642\u062f \u064a\u0633\u062a\u062e\u062f\u0645 \u0645\u0648\u0642\u0639\u0646\u0627 \u0627\u0644\u0625\u0644\u0643\u062a\u0631\u0648\u0646\u064a \u0645\u0644\u0641\u0627\u062a \u062a\u0639\u0631\u064a\u0641 \u0627\u0644\u0627\u0631\u062a\u0628\u0627\u0637 \u0648\u062a\u0642\u0646\u064a\u0627\u062a \u0627\u0644\u062a\u062a\u0628\u0639 \u0627\u0644\u0623\u062e\u0631\u0649 \u0644\u062a\u062d\u0633\u064a\u0646 \u062a\u062c\u0631\u0628\u0629 \u0627\u0644\u0645\u0633\u062a\u062e\u062f\u0645 \u0627\u0644\u062e\u0627\u0635\u0629 \u0628\u0643. \u0644\u062f\u064a\u0643 \u0627\u0644\u062e\u064a\u0627\u0631 \u0644\u0642\u0628\u0648\u0644 \u0645\u0644\u0641\u0627\u062a \u062a\u0639\u0631\u064a\u0641 \u0627\u0644\u0627\u0631\u062a\u0628\u0627\u0637 \u0623\u0648 \u0631\u0641\u0636\u0647\u0627 \u0639\u0646 \u0637\u0631\u064a\u0642 \u062a\u063a\u064a\u064a\u0631 \u0625\u0639\u062f\u0627\u062f\u0627\u062a \u0627\u0644\u0645\u062a\u0635\u0641\u062d \u0627\u0644\u062e\u0627\u0635 \u0628\u0643.<\/strong><\/p>\n<h2 style=\"color: #333ad7;\"><strong>6- \u0627\u0644\u0648\u0635\u0648\u0644 \u0625\u0644\u0649 \u0627\u0644\u0628\u064a\u0627\u0646\u0627\u062a \u0627\u0644\u0634\u062e\u0635\u064a\u0629 \u0648\u062a\u0635\u062d\u064a\u062d\u0647\u0627<\/strong><\/h2>\n<p><strong>\u0648\u0641\u0642\u064b\u0627 \u0644\u0642\u0627\u0646\u0648\u0646 \u062d\u0645\u0627\u064a\u0629 \u0627\u0644\u0628\u064a\u0627\u0646\u0627\u062a \u0627\u0644\u0634\u062e\u0635\u064a\u0629\u060c \u064a\u0645\u0643\u0646\u0643 \u0637\u0644\u0628 \u0627\u0644\u0648\u0635\u0648\u0644 \u0625\u0644\u0649 \u0628\u064a\u0627\u0646\u0627\u062a\u0643 \u0627\u0644\u0634\u062e\u0635\u064a\u0629 \u0627\u0644\u0645\u062e\u0632\u0646\u0629 \u0644\u062f\u064a\u0646\u0627 \u0648\u062a\u0635\u062d\u064a\u062d\u0647\u0627. \u0644\u062a\u0642\u062f\u064a\u0645 \u0647\u0630\u0627 \u0627\u0644\u0637\u0644\u0628\u060c \u064a\u064f\u0631\u062c\u0649 \u0627\u0644\u0627\u062a\u0635\u0627\u0644 \u0628\u0646\u0627 \u0628\u0627\u0633\u062a\u062e\u062f\u0627\u0645 \u0646\u0645\u0648\u0630\u062c \u0627\u0644\u0627\u062a\u0635\u0627\u0644 \u0627\u0644\u0645\u0648\u062c\u0648\u062f \u0639\u0644\u0649 \u0627\u0644\u0635\u0641\u062d\u0629 \u0627\u0644\u0631\u0626\u064a\u0633\u064a\u0629.<\/strong><\/p>\n<h2 style=\"color: #333ad7;\"><strong>7- \u062a\u062e\u0632\u064a\u0646 \u0627\u0644\u0628\u064a\u0627\u0646\u0627\u062a \u0627\u0644\u0634\u062e\u0635\u064a\u0629<\/strong><\/h2>\n<p><strong>\u0633\u0646\u062d\u062a\u0641\u0638 \u0628\u0628\u064a\u0627\u0646\u0627\u062a\u0643 \u0627\u0644\u0634\u062e\u0635\u064a\u0629 \u0637\u0627\u0644\u0645\u0627 \u0643\u0627\u0646 \u0630\u0644\u0643 \u0636\u0631\u0648\u0631\u064a\u064b\u0627 \u0644\u062a\u062d\u0642\u064a\u0642 \u0627\u0644\u0623\u063a\u0631\u0627\u0636 \u0627\u0644\u062a\u064a \u062c\u064f\u0645\u0639\u062a \u0645\u0646 \u0623\u062c\u0644\u0647\u0627 \u0623\u0648 \u0648\u0641\u0642\u064b\u0627 \u0644\u0645\u0627 \u064a\u0642\u062a\u0636\u064a\u0647 \u0627\u0644\u0642\u0627\u0646\u0648\u0646 \u0627\u0644\u0645\u0639\u0645\u0648\u0644 \u0628\u0647.<\/strong><\/p>\n<h2 style=\"color: #333ad7;\"><strong>8- \u0627\u0644\u062a\u063a\u064a\u064a\u0631\u0627\u062a \u0641\u064a \u0633\u064a\u0627\u0633\u0629 \u0627\u0644\u062e\u0635\u0648\u0635\u064a\u0629<\/strong><\/h2>\n<p><strong>\u0642\u062f \u0646\u0642\u0648\u0645 \u0628\u062a\u062d\u062f\u064a\u062b \u0633\u064a\u0627\u0633\u0629 \u0627\u0644\u062e\u0635\u0648\u0635\u064a\u0629 \u0647\u0630\u0647 \u0645\u0646 \u0648\u0642\u062a \u0644\u0622\u062e\u0631. \u0633\u064a\u062a\u0645 \u0646\u0634\u0631 \u0623\u064a \u062a\u063a\u064a\u064a\u0631\u0627\u062a \u0639\u0644\u0649 \u0647\u0630\u0647 \u0627\u0644\u0635\u0641\u062d\u0629\u060c \u0648\u0639\u0646\u062f \u0627\u0644\u0627\u0642\u062a\u0636\u0627\u0621\u060c \u0633\u064a\u062a\u0645 \u0625\u062e\u0637\u0627\u0631\u0643 \u0628\u0647\u0627 \u0639\u0628\u0631 \u0627\u0644\u0628\u0631\u064a\u062f \u0627\u0644\u0625\u0644\u0643\u062a\u0631\u0648\u0646\u064a.<\/strong><\/p>\n<h2 style=\"color: #333ad7;\"><strong>9. \u0627\u062a\u0635\u0644 \u0628\u0646\u0627<\/strong><\/h2>\n<p><strong>\u0625\u0630\u0627 \u0643\u0627\u0646\u062a \u0644\u062f\u064a\u0643 \u0623\u064a \u0623\u0633\u0626\u0644\u0629 \u0623\u0648 \u0645\u062e\u0627\u0648\u0641 \u0628\u0634\u0623\u0646 \u0645\u0645\u0627\u0631\u0633\u0627\u062a \u0627\u0644\u062e\u0635\u0648\u0635\u064a\u0629 \u0644\u062f\u064a\u0646\u0627\u060c \u064a\u064f\u0631\u062c\u0649 \u0627\u0644\u0627\u062a\u0635\u0627\u0644 \u0628\u0646\u0627 \u0628\u0627\u0633\u062a\u062e\u062f\u0627\u0645 \u0646\u0645\u0648\u0630\u062c \u0627\u0644\u0627\u062a\u0635\u0627\u0644 \u0627\u0644\u0645\u0648\u062c\u0648\u062f \u0639\u0644\u0649 \u0627\u0644\u0635\u0641\u062d\u0629 \u0627\u0644\u0631\u0626\u064a\u0633\u064a\u0629.<\/strong><\/p>\n<p><strong><!-- \/wp:paragraph --><\/strong><\/p>\n<p><strong><!-- wp:heading --><\/strong><\/p>\n<h3>\u00a0<\/h3>\n<p><strong><!-- \/wp:heading --><\/strong><\/p>\n<p>\u00a0<\/p>\t\t\t\t\t\t\t\t<\/div>\n\t\t\t\t<\/div>\n\t\t\t\t<div class=\"elementor-element elementor-element-2bb6fb6 elementor-widget elementor-widget-spacer\" data-id=\"2bb6fb6\" data-element_type=\"widget\" data-e-type=\"widget\" data-widget_type=\"spacer.default\">\n\t\t\t\t<div class=\"elementor-widget-container\">\n\t\t\t\t\t\t\t<div class=\"elementor-spacer\">\n\t\t\t<div class=\"elementor-spacer-inner\"><\/div>\n\t\t<\/div>\n\t\t\t\t\t\t<\/div>\n\t\t\t\t<\/div>\n\t\t\t\t<div class=\"elementor-element elementor-element-0d759cd elementor-widget elementor-widget-html\" data-id=\"0d759cd\" data-element_type=\"widget\" data-e-type=\"widget\" data-widget_type=\"html.default\">\n\t\t\t\t<div class=\"elementor-widget-container\">\n\t\t\t\t\t<style>.elementor-element-0d759cd{display:none !important}<\/style>\t\t\t\t<\/div>\n\t\t\t\t<\/div>\n\t\t\t\t<div class=\"elementor-element elementor-element-5d2bb42 elementor-widget elementor-widget-html\" data-id=\"5d2bb42\" data-element_type=\"widget\" data-e-type=\"widget\" data-widget_type=\"html.default\">\n\t\t\t\t<div class=\"elementor-widget-container\">\n\t\t\t\t\t<script>\n        (function(w,d,u){\n                var s=d.createElement('script');s.async=true;s.src=u+'?'+(Date.now()\/60000|0);\n                var h=d.getElementsByTagName('script')[0];h.parentNode.insertBefore(s,h);\n        })(window,document,'https:\/\/crm.mjs4.me\/upload\/crm\/site_button\/loader_3_gjtzmp.js');\n<\/script>\t\t\t\t<\/div>\n\t\t\t\t<\/div>\n\t\t\t\t<\/div>\n\t\t<div class=\"elementor-element elementor-element-59c2287 e-flex e-con-boxed e-con e-parent\" data-id=\"59c2287\" data-element_type=\"container\" data-e-type=\"container\">\n\t\t\t\t\t<div class=\"e-con-inner\">\n\t\t\t\t<div class=\"elementor-element elementor-element-40b267d elementor-widget elementor-widget-shortcode\" data-id=\"40b267d\" data-element_type=\"widget\" data-e-type=\"widget\" data-widget_type=\"shortcode.default\">\n\t\t\t\t<div class=\"elementor-widget-container\">\n\t\t\t\t\t\t\t<div class=\"elementor-shortcode\">[\u0625\u0644\u063a\u0627\u0621 \u0645\u0644\u0641\u0627\u062a \u062a\u0639\u0631\u064a\u0641 \u0627\u0644\u0627\u0631\u062a\u0628\u0627\u0637]<\/div>\n\t\t\t\t\t\t<\/div>\n\t\t\t\t<\/div>\n\t\t\t\t\t<\/div>\n\t\t\t\t<\/div>\n\t\t\t\t<\/div>","protected":false},"excerpt":{"rendered":"<p>Datenschutzerkl\u00e4rung Diese Datenschutzrichtlinie gilt f\u00fcr die von MJS 4 ME PTE. LTD., Director: Zornitsa Haralampieva Sabeva mit Hauptgesch\u00e4ftssitz in 1 North Bridge Rd #B1-35 High Street Center 179094 Singapore, Telefon: +6582400319, angebotenen Dienste und erl\u00e4utert, wie wir mit personenbezogenen Daten gem\u00e4\u00df dem Personal Data Protection Act (\u201ePDPA\u201c) von Singapur umgehen. 1. Informationssammlung Wir erfassen m\u00f6glicherweise [&hellip;]<\/p>","protected":false},"author":1,"featured_media":0,"parent":0,"menu_order":0,"comment_status":"closed","ping_status":"closed","template":"","meta":{"_acf_changed":false,"footnotes":""},"class_list":["post-100","page","type-page","status-publish","hentry"],"acf":[],"_links":{"self":[{"href":"https:\/\/job.manualjobsearch.com\/ar\/wp-json\/wp\/v2\/pages\/100","targetHints":{"allow":["GET"]}}],"collection":[{"href":"https:\/\/job.manualjobsearch.com\/ar\/wp-json\/wp\/v2\/pages"}],"about":[{"href":"https:\/\/job.manualjobsearch.com\/ar\/wp-json\/wp\/v2\/types\/page"}],"author":[{"embeddable":true,"href":"https:\/\/job.manualjobsearch.com\/ar\/wp-json\/wp\/v2\/users\/1"}],"replies":[{"embeddable":true,"href":"https:\/\/job.manualjobsearch.com\/ar\/wp-json\/wp\/v2\/comments?post=100"}],"version-history":[{"count":0,"href":"https:\/\/job.manualjobsearch.com\/ar\/wp-json\/wp\/v2\/pages\/100\/revisions"}],"wp:attachment":[{"href":"https:\/\/job.manualjobsearch.com\/ar\/wp-json\/wp\/v2\/media?parent=100"}],"curies":[{"name":"\u062f\u0628\u0644\u064a\u0648 \u0628\u064a","href":"https:\/\/api.w.org\/{rel}","templated":true}]}}