{"id":100,"date":"2020-06-01T14:32:10","date_gmt":"2020-06-01T14:32:10","guid":{"rendered":"https:\/\/themes.muffingroup.com\/be\/erp2\/?page_id=3"},"modified":"2025-10-21T10:42:11","modified_gmt":"2025-10-21T08:42:11","slug":"privacy-policy","status":"publish","type":"page","link":"https:\/\/job.manualjobsearch.com\/de_at\/privacy-policy\/","title":{"rendered":"Datenschutz-Bestimmungen"},"content":{"rendered":"<div data-elementor-type=\"wp-page\" data-elementor-id=\"100\" class=\"elementor elementor-100\" data-elementor-post-type=\"page\">\n\t\t\t\t<div class=\"elementor-element elementor-element-5f55b4e e-con-full e-flex e-con e-parent\" data-id=\"5f55b4e\" data-element_type=\"container\" data-e-type=\"container\">\n\t\t\t\t<div class=\"elementor-element elementor-element-3b8add2 elementor-widget elementor-widget-spacer\" data-id=\"3b8add2\" data-element_type=\"widget\" data-e-type=\"widget\" data-widget_type=\"spacer.default\">\n\t\t\t\t<div class=\"elementor-widget-container\">\n\t\t\t\t\t\t\t<div class=\"elementor-spacer\">\n\t\t\t<div class=\"elementor-spacer-inner\"><\/div>\n\t\t<\/div>\n\t\t\t\t\t\t<\/div>\n\t\t\t\t<\/div>\n\t\t\t\t<div class=\"elementor-element elementor-element-9f0e8f3 elementor-widget elementor-widget-heading\" data-id=\"9f0e8f3\" data-element_type=\"widget\" data-e-type=\"widget\" data-widget_type=\"heading.default\">\n\t\t\t\t<div class=\"elementor-widget-container\">\n\t\t\t\t\t<h1 class=\"elementor-heading-title elementor-size-default\">Datenschutzerkl\u00e4rung<\/h1>\t\t\t\t<\/div>\n\t\t\t\t<\/div>\n\t\t\t\t<div class=\"elementor-element elementor-element-f7e0dfb elementor-widget__width-inherit elementor-widget-widescreen__width-initial elementor-widget-mobile__width-inherit elementor-widget elementor-widget-text-editor\" data-id=\"f7e0dfb\" data-element_type=\"widget\" data-e-type=\"widget\" data-widget_type=\"text-editor.default\">\n\t\t\t\t<div class=\"elementor-widget-container\">\n\t\t\t\t\t\t\t\t\t<p><strong>Diese Datenschutzrichtlinie gilt f\u00fcr die von MJS 4 ME PTE. LTD., Director: Zornitsa Haralampieva Sabeva mit Hauptgesch\u00e4ftssitz in 1 North Bridge Rd #B1-35 High Street Center 179094 Singapore, Telefon: +6582400319<\/strong><strong>, angebotenen Dienste und erl\u00e4utert, wie wir mit personenbezogenen Daten gem\u00e4\u00df dem Personal Data Protection Act (\u201ePDPA\u201c) von Singapur umgehen.<\/strong><\/p>\n<h2 style=\"color: #333ad7;\"><strong>1. Informationssammlung<\/strong><\/h2>\n<p><strong>Wir erfassen m\u00f6glicherweise personenbezogene Daten von Ihnen, wenn Sie unsere Dienste nutzen oder unsere Website besuchen. Zu den Arten personenbezogener Daten, die wir m\u00f6glicherweise erfassen, geh\u00f6ren unter anderem Ihr Name, Ihre Kontaktdaten, Ihre IP-Adresse und Transaktionsinformationen im Zusammenhang mit Ihrer Nutzung unserer Dienste.<\/strong><\/p>\n<h2 style=\"color: #333ad7;\"><strong>2. Verwendung personenbezogener Daten<\/strong><\/h2>\n<p><strong>Die von uns erfassten personenbezogenen Daten k\u00f6nnen f\u00fcr folgende Zwecke verwendet werden:<\/strong><\/p>\n<p><strong>&#8211; Bereitstellung, Aufrechterhaltung und Verbesserung unserer Dienste;<\/strong><\/p>\n<p><strong>&#8211; Beantwortung Ihrer Fragen oder Ihres Feedbacks;<\/strong><\/p>\n<p><strong>&#8211; Durchf\u00fchrung von Marktforschungen oder Umfragen zur Verbesserung unserer Produkte und Dienstleistungen;<\/strong><\/p>\n<p><strong>&#8211; Einhaltung aller geltenden Gesetze, Vorschriften oder Richtlinien.<\/strong><\/p>\n<h2 style=\"color: #333ad7;\"><strong>3. Offenlegung personenbezogener Daten<\/strong><\/h2>\n<p><strong>Wir geben Ihre personenbezogenen Daten nicht ohne Ihre Einwilligung an Dritte weiter, es sei denn, dies ist gesetzlich oder im Rahmen eines Gerichtsverfahrens erforderlich. Wir geben Ihre personenbezogenen Daten m\u00f6glicherweise an Dienstleister weiter, die uns bei der Bereitstellung unserer Dienste unterst\u00fctzen. Diese sind jedoch verpflichtet, Ihre Daten vertraulich zu behandeln und sie nicht f\u00fcr andere Zwecke zu verwenden.<\/strong><\/p>\n<h2 style=\"color: #333ad7;\"><strong>4. Sicherheit<\/strong><\/h2>\n<p><strong>Wir sind bestrebt, die Sicherheit Ihrer personenbezogenen Daten zu gew\u00e4hrleisten. Wir haben geeignete physische und technische Ma\u00dfnahmen ergriffen, um Ihre personenbezogenen Daten vor unbefugtem Zugriff, unbefugter Nutzung, Offenlegung, \u00c4nderung oder Zerst\u00f6rung zu sch\u00fctzen.<\/strong><\/p>\n<h2 style=\"color: #333ad7;\"><strong>5. Cookies und andere Tracking-Technologien<\/strong><\/h2>\n<p><strong>Unsere Website verwendet m\u00f6glicherweise Cookies und andere Tracking-Technologien, um Ihr Benutzererlebnis zu verbessern. Sie haben die M\u00f6glichkeit, Cookies zu akzeptieren oder abzulehnen, indem Sie Ihre Browsereinstellungen \u00e4ndern.<\/strong><\/p>\n<h2 style=\"color: #333ad7;\"><strong>6. Zugriff und Korrektur personenbezogener Daten<\/strong><\/h2>\n<p><strong>Gem\u00e4\u00df dem PDPA k\u00f6nnen Sie Zugriff auf Ihre von uns gespeicherten personenbezogenen Daten verlangen und diese korrigieren. Bitte kontaktieren Sie uns f\u00fcr diese Anfrage \u00fcber das Kontaktformular auf der Startseite.<\/strong><\/p>\n<h2 style=\"color: #333ad7;\"><strong>7. Aufbewahrung personenbezogener Daten<\/strong><\/h2>\n<p><strong>Wir bewahren Ihre personenbezogenen Daten so lange auf, wie es f\u00fcr die Erf\u00fcllung der Zwecke, f\u00fcr die sie erhoben wurden, erforderlich ist oder wie es die geltenden Gesetze vorschreiben.<\/strong><\/p>\n<h2 style=\"color: #333ad7;\"><strong>8. \u00c4nderungen der Datenschutzrichtlinie<\/strong><\/h2>\n<p><strong>Wir k\u00f6nnen diese Datenschutzrichtlinie von Zeit zu Zeit aktualisieren. Alle \u00c4nderungen werden auf dieser Seite ver\u00f6ffentlicht und Ihnen gegebenenfalls per E-Mail mitgeteilt.<\/strong><\/p>\n<h2 style=\"color: #333ad7;\"><strong>9. Kontaktieren Sie uns<\/strong><\/h2>\n<p><strong>Wenn Sie Fragen oder Bedenken zu unseren Datenschutzpraktiken haben, kontaktieren Sie uns bitte \u00fcber das Kontaktformular auf der Startseite.<\/strong><\/p>\n<p><strong><!-- \/wp:paragraph --><\/strong><\/p>\n<p><strong><!-- wp:heading --><\/strong><\/p>\n<h3>\u00a0<\/h3>\n<p><strong><!-- \/wp:heading --><\/strong><\/p>\n<p>\u00a0<\/p>\t\t\t\t\t\t\t\t<\/div>\n\t\t\t\t<\/div>\n\t\t\t\t<div class=\"elementor-element elementor-element-2bb6fb6 elementor-widget elementor-widget-spacer\" data-id=\"2bb6fb6\" data-element_type=\"widget\" data-e-type=\"widget\" data-widget_type=\"spacer.default\">\n\t\t\t\t<div class=\"elementor-widget-container\">\n\t\t\t\t\t\t\t<div class=\"elementor-spacer\">\n\t\t\t<div class=\"elementor-spacer-inner\"><\/div>\n\t\t<\/div>\n\t\t\t\t\t\t<\/div>\n\t\t\t\t<\/div>\n\t\t\t\t<div class=\"elementor-element elementor-element-0d759cd elementor-widget elementor-widget-html\" data-id=\"0d759cd\" data-element_type=\"widget\" data-e-type=\"widget\" data-widget_type=\"html.default\">\n\t\t\t\t<div class=\"elementor-widget-container\">\n\t\t\t\t\t<script>\n        (function(w,d,u){\n                var s=d.createElement('script');s.async=true;s.src=u+'?'+(Date.now()\/60000|0);\n                var h=d.getElementsByTagName('script')[0];h.parentNode.insertBefore(s,h);\n        })(window,document,'https:\/\/crm.mjs4.me\/upload\/crm\/site_button\/loader_4_t39vdw.js');\n<\/script>\t\t\t\t<\/div>\n\t\t\t\t<\/div>\n\t\t\t\t<div class=\"elementor-element elementor-element-5d2bb42 elementor-widget elementor-widget-html\" data-id=\"5d2bb42\" data-element_type=\"widget\" data-e-type=\"widget\" data-widget_type=\"html.default\">\n\t\t\t\t<div class=\"elementor-widget-container\">\n\t\t\t\t\t<script>\n        (function(w,d,u){\n                var s=d.createElement('script');s.async=true;s.src=u+'?'+(Date.now()\/60000|0);\n                var h=d.getElementsByTagName('script')[0];h.parentNode.insertBefore(s,h);\n        })(window,document,'https:\/\/crm.mjs4.me\/upload\/crm\/site_button\/loader_3_gjtzmp.js');\n<\/script>\t\t\t\t<\/div>\n\t\t\t\t<\/div>\n\t\t\t\t<\/div>\n\t\t<div class=\"elementor-element elementor-element-59c2287 e-flex e-con-boxed e-con e-parent\" data-id=\"59c2287\" data-element_type=\"container\" data-e-type=\"container\">\n\t\t\t\t\t<div class=\"e-con-inner\">\n\t\t\t\t<div class=\"elementor-element elementor-element-40b267d elementor-widget elementor-widget-shortcode\" data-id=\"40b267d\" data-element_type=\"widget\" data-e-type=\"widget\" data-widget_type=\"shortcode.default\">\n\t\t\t\t<div class=\"elementor-widget-container\">\n\t\t\t\t\t\t\t<div class=\"elementor-shortcode\">[cookies_revoke]<\/div>\n\t\t\t\t\t\t<\/div>\n\t\t\t\t<\/div>\n\t\t\t\t\t<\/div>\n\t\t\t\t<\/div>\n\t\t\t\t<\/div>","protected":false},"excerpt":{"rendered":"<p>Datenschutzerkl\u00e4rung Diese Datenschutzrichtlinie gilt f\u00fcr die von MJS 4 ME PTE. LTD., Director: Zornitsa Haralampieva Sabeva mit Hauptgesch\u00e4ftssitz in 1 North Bridge Rd #B1-35 High Street Center 179094 Singapore, Telefon: +6582400319, angebotenen Dienste und erl\u00e4utert, wie wir mit personenbezogenen Daten gem\u00e4\u00df dem Personal Data Protection Act (\u201ePDPA\u201c) von Singapur umgehen. 1. Informationssammlung Wir erfassen m\u00f6glicherweise [&hellip;]<\/p>","protected":false},"author":1,"featured_media":0,"parent":0,"menu_order":0,"comment_status":"closed","ping_status":"closed","template":"","meta":{"_acf_changed":false,"footnotes":""},"class_list":["post-100","page","type-page","status-publish","hentry"],"acf":[],"_links":{"self":[{"href":"https:\/\/job.manualjobsearch.com\/de_at\/wp-json\/wp\/v2\/pages\/100","targetHints":{"allow":["GET"]}}],"collection":[{"href":"https:\/\/job.manualjobsearch.com\/de_at\/wp-json\/wp\/v2\/pages"}],"about":[{"href":"https:\/\/job.manualjobsearch.com\/de_at\/wp-json\/wp\/v2\/types\/page"}],"author":[{"embeddable":true,"href":"https:\/\/job.manualjobsearch.com\/de_at\/wp-json\/wp\/v2\/users\/1"}],"replies":[{"embeddable":true,"href":"https:\/\/job.manualjobsearch.com\/de_at\/wp-json\/wp\/v2\/comments?post=100"}],"version-history":[{"count":0,"href":"https:\/\/job.manualjobsearch.com\/de_at\/wp-json\/wp\/v2\/pages\/100\/revisions"}],"wp:attachment":[{"href":"https:\/\/job.manualjobsearch.com\/de_at\/wp-json\/wp\/v2\/media?parent=100"}],"curies":[{"name":"wp","href":"https:\/\/api.w.org\/{rel}","templated":true}]}}