{"id":11851,"date":"2026-02-04T18:29:15","date_gmt":"2026-02-04T16:29:15","guid":{"rendered":"https:\/\/job.manualjobsearch.com\/?page_id=11851"},"modified":"2026-02-06T21:13:06","modified_gmt":"2026-02-06T19:13:06","slug":"blog","status":"publish","type":"page","link":"https:\/\/job.manualjobsearch.com\/de_at\/blog\/","title":{"rendered":"Blog"},"content":{"rendered":"<div data-elementor-type=\"wp-page\" data-elementor-id=\"11851\" class=\"elementor elementor-11851\" data-elementor-post-type=\"page\">\n\t\t\t\t<div class=\"elementor-element elementor-element-faaff18 e-flex e-con-boxed e-con e-parent\" data-id=\"faaff18\" data-element_type=\"container\" data-e-type=\"container\">\n\t\t\t\t\t<div class=\"e-con-inner\">\n\t\t\t\t<div class=\"elementor-element elementor-element-884ab77 elementor-widget elementor-widget-spacer\" data-id=\"884ab77\" data-element_type=\"widget\" data-e-type=\"widget\" data-widget_type=\"spacer.default\">\n\t\t\t\t<div class=\"elementor-widget-container\">\n\t\t\t\t\t\t\t<div class=\"elementor-spacer\">\n\t\t\t<div class=\"elementor-spacer-inner\"><\/div>\n\t\t<\/div>\n\t\t\t\t\t\t<\/div>\n\t\t\t\t<\/div>\n\t\t\t\t<div class=\"elementor-element elementor-element-b243989 elementor-widget elementor-widget-heading\" data-id=\"b243989\" data-element_type=\"widget\" data-e-type=\"widget\" data-widget_type=\"heading.default\">\n\t\t\t\t<div class=\"elementor-widget-container\">\n\t\t\t\t\t<h1 class=\"elementor-heading-title elementor-size-default\">Unser Blog<\/h1>\t\t\t\t<\/div>\n\t\t\t\t<\/div>\n\t\t\t\t<div class=\"elementor-element elementor-element-a27ad3f elementor-widget elementor-widget-text-editor\" data-id=\"a27ad3f\" data-element_type=\"widget\" data-e-type=\"widget\" data-widget_type=\"text-editor.default\">\n\t\t\t\t<div class=\"elementor-widget-container\">\n\t\t\t\t\t\t\t\t\t<p>Praktische Tipps zur Jobsuche, CV-Optimierung und Insights zum Arbeitsmarkt \u2014 alles an einem Ort.<\/p>\t\t\t\t\t\t\t\t<\/div>\n\t\t\t\t<\/div>\n\t\t\t\t<div class=\"elementor-element elementor-element-0d0617d premium-blog-align-left elementor-widget elementor-widget-premium-addon-blog\" data-id=\"0d0617d\" data-element_type=\"widget\" data-e-type=\"widget\" data-settings=\"{&quot;premium_blog_columns_number&quot;:&quot;33.33%&quot;,&quot;filter_flag&quot;:&quot;cat&quot;,&quot;premium_blog_grid&quot;:&quot;yes&quot;,&quot;premium_blog_layout&quot;:&quot;even&quot;,&quot;premium_blog_columns_number_tablet&quot;:&quot;50%&quot;,&quot;premium_blog_columns_number_mobile&quot;:&quot;100%&quot;,&quot;scroll_to_offset&quot;:&quot;yes&quot;}\" data-widget_type=\"premium-addon-blog.default\">\n\t\t\t\t<div class=\"elementor-widget-container\">\n\t\t\t\t\t\n\t\t\t\t\t\t\t<div class=\"premium-blog-filter\">\n\t\t\t<ul class=\"premium-blog-filters-container\">\n\t\t\t\t\t\t\t\t\t<li>\n\t\t\t\t\t\t<a href=\"javascript:;\" class=\"category active\" data-filter=\"*\">\n\t\t\t\t\t\t\tAll\t\t\t\t\t\t<\/a>\n\t\t\t\t\t<\/li>\n\t\t\t\t\t\t\t\t\t\t\t\t\t\t<li>\n\t\t\t\t\t\t\t<a href=\"javascript:;\" class=\"category\" data-filter=\"karriere-deutschland\">\n\t\t\t\t\t\t\t\tKarriere Deutschland\t\t\t\t\t\t\t<\/a>\n\t\t\t\t\t\t<\/li>\n\t\t\t\t\t\t\t\t\t\t<li>\n\t\t\t\t\t\t\t<a href=\"javascript:;\" class=\"category\" data-filter=\"ohne-rubrik\">\n\t\t\t\t\t\t\t\tOhne Rubrik\t\t\t\t\t\t\t<\/a>\n\t\t\t\t\t\t<\/li>\n\t\t\t\t\t\t\t<\/ul>\n\t\t<\/div>\n\t\t\t\t\n\n\t\t\t\t<div class=\"premium-blog-wrap  premium-blog-even\" data-page=\"11851\">\n\t\t\t\t\t\t\t\t\t<div class=\"premium-blog-post-outer-container karriere-deutschland\" data-total=\"1\">\n\t\t\t<div class=\"premium-blog-post-container premium-blog-skin-classic\">\n\t\t\t\t\t\t\t\t\t<div class=\"premium-blog-thumb-effect-wrapper\">\n\t\t\t\t\t\t<div class=\"premium-blog-thumbnail-container premium-blog-zoomin-effect\">\n\t\t\t\t\t\t\t<img fetchpriority=\"high\" decoding=\"async\" width=\"1695\" height=\"624\" src=\"https:\/\/job.manualjobsearch.com\/wp-content\/uploads\/2026\/04\/Gemini_Generated_Image_pmkdaepmkdaepmkd.png\" class=\"attachment-full size-full wp-image-12953\" alt=\"\" srcset=\"https:\/\/job.manualjobsearch.com\/wp-content\/uploads\/2026\/04\/Gemini_Generated_Image_pmkdaepmkdaepmkd.png 1695w, https:\/\/job.manualjobsearch.com\/wp-content\/uploads\/2026\/04\/Gemini_Generated_Image_pmkdaepmkdaepmkd-300x110.png 300w, https:\/\/job.manualjobsearch.com\/wp-content\/uploads\/2026\/04\/Gemini_Generated_Image_pmkdaepmkdaepmkd-1024x377.png 1024w, https:\/\/job.manualjobsearch.com\/wp-content\/uploads\/2026\/04\/Gemini_Generated_Image_pmkdaepmkdaepmkd-768x283.png 768w, https:\/\/job.manualjobsearch.com\/wp-content\/uploads\/2026\/04\/Gemini_Generated_Image_pmkdaepmkdaepmkd-1536x565.png 1536w, https:\/\/job.manualjobsearch.com\/wp-content\/uploads\/2026\/04\/Gemini_Generated_Image_pmkdaepmkdaepmkd-18x7.png 18w\" sizes=\"(max-width: 1695px) 100vw, 1695px\" \/>\t\t\t\t\t\t<\/div>\n\t\t\t\t\t\t\t\t\t\t\t\t\t<div class=\"premium-blog-thumbnail-overlay\">\n\t\t\t\t\t\t\t\t<a class=\"elementor-icon\" href=\"https:\/\/job.manualjobsearch.com\/de_at\/wen-ersetzt-ki-wirklich\/\" target=\"_blank\"><\/a>\n\t\t\t\t\t\t\t<\/div>\n\n\t\t\t\t\t\t\t\t\t\t\t\t\t\t\t\t\t\t<\/div>\n\t\t\t\t\t\t\t\t\t\t\t\t<div class=\"premium-blog-content-wrapper\">\n\n\t\t\t\t\t<div class=\"premium-blog-inner-container\">\n\n\t\t\t\t\t\t\t\t\t\t\t\t\t\t<h2 class=\"premium-blog-entry-title\">\n\t\t\t<a href=\"https:\/\/job.manualjobsearch.com\/de_at\/wen-ersetzt-ki-wirklich\/\" target=\"_blank\">\n\t\t\t\tWen ersetzt KI wirklich? Und wer wird dadurch unersetzlich?\t\t\t<\/a>\n\t\t<\/h2>\n\t\t\t\t<div class=\"premium-blog-entry-meta\">\n\t\t\t\n\t\t\t\t\t\t\t<span class=\"premium-blog-meta-separator\">\u2022<\/span>\n\t\t\t\t<div class=\"premium-blog-post-time premium-blog-meta-data\">\n\t\t\t\t\t<i class=\"fa fa-calendar-alt\" aria-hidden=\"true\"><\/i>\n\t\t\t\t\t<span>16.04.2026<\/span>\n\t\t\t\t<\/div>\n\t\t\t\n\t\t\t\n\t\t\t\t\t<\/div>\n\t\t\n\t\t\t\t\t<\/div>\n\n\t\t\t\t\t\t\t<div class=\"premium-blog-content-inner-wrapper\">\n\t\t<p class=\"premium-blog-post-content\">Die Frage ist nicht mehr, ob KI Jobs \u00fcbernimmt. Die Frage ist: Wessen Jobs \u2014 und was man dagegen tun kann. Ein \u2026<\/p>\t\t<\/div>\n\t\t\t\t\t\t\t\n\t\t\t\t<\/div>\n\t\t\t<\/div>\n\t\t<\/div>\n\n\t\t\t\t<div class=\"premium-blog-post-outer-container karriere-deutschland\" data-total=\"1\">\n\t\t\t<div class=\"premium-blog-post-container premium-blog-skin-classic\">\n\t\t\t\t\t\t\t\t\t<div class=\"premium-blog-thumb-effect-wrapper\">\n\t\t\t\t\t\t<div class=\"premium-blog-thumbnail-container premium-blog-zoomin-effect\">\n\t\t\t\t\t\t\t<img decoding=\"async\" width=\"1695\" height=\"624\" src=\"https:\/\/job.manualjobsearch.com\/wp-content\/uploads\/2026\/04\/Gemini_Generated_Image_cu90qzcu90qzcu90.png\" class=\"attachment-full size-full wp-image-12237\" alt=\"\" srcset=\"https:\/\/job.manualjobsearch.com\/wp-content\/uploads\/2026\/04\/Gemini_Generated_Image_cu90qzcu90qzcu90.png 1695w, https:\/\/job.manualjobsearch.com\/wp-content\/uploads\/2026\/04\/Gemini_Generated_Image_cu90qzcu90qzcu90-300x110.png 300w, https:\/\/job.manualjobsearch.com\/wp-content\/uploads\/2026\/04\/Gemini_Generated_Image_cu90qzcu90qzcu90-1024x377.png 1024w, https:\/\/job.manualjobsearch.com\/wp-content\/uploads\/2026\/04\/Gemini_Generated_Image_cu90qzcu90qzcu90-768x283.png 768w, https:\/\/job.manualjobsearch.com\/wp-content\/uploads\/2026\/04\/Gemini_Generated_Image_cu90qzcu90qzcu90-1536x565.png 1536w, https:\/\/job.manualjobsearch.com\/wp-content\/uploads\/2026\/04\/Gemini_Generated_Image_cu90qzcu90qzcu90-18x7.png 18w\" sizes=\"(max-width: 1695px) 100vw, 1695px\" \/>\t\t\t\t\t\t<\/div>\n\t\t\t\t\t\t\t\t\t\t\t\t\t<div class=\"premium-blog-thumbnail-overlay\">\n\t\t\t\t\t\t\t\t<a class=\"elementor-icon\" href=\"https:\/\/job.manualjobsearch.com\/de_at\/diese-berufe-ueberleben-die-ki-revolution-und-diese-nicht\/\" target=\"_blank\"><\/a>\n\t\t\t\t\t\t\t<\/div>\n\n\t\t\t\t\t\t\t\t\t\t\t\t\t\t\t\t\t\t<\/div>\n\t\t\t\t\t\t\t\t\t\t\t\t<div class=\"premium-blog-content-wrapper\">\n\n\t\t\t\t\t<div class=\"premium-blog-inner-container\">\n\n\t\t\t\t\t\t\t\t\t\t\t\t\t\t<h2 class=\"premium-blog-entry-title\">\n\t\t\t<a href=\"https:\/\/job.manualjobsearch.com\/de_at\/diese-berufe-ueberleben-die-ki-revolution-und-diese-nicht\/\" target=\"_blank\">\n\t\t\t\tDiese Berufe \u00fcberleben die KI-Revolution \u2014 und diese nicht\t\t\t<\/a>\n\t\t<\/h2>\n\t\t\t\t<div class=\"premium-blog-entry-meta\">\n\t\t\t\n\t\t\t\t\t\t\t<span class=\"premium-blog-meta-separator\">\u2022<\/span>\n\t\t\t\t<div class=\"premium-blog-post-time premium-blog-meta-data\">\n\t\t\t\t\t<i class=\"fa fa-calendar-alt\" aria-hidden=\"true\"><\/i>\n\t\t\t\t\t<span>10.04.2026<\/span>\n\t\t\t\t<\/div>\n\t\t\t\n\t\t\t\n\t\t\t\t\t<\/div>\n\t\t\n\t\t\t\t\t<\/div>\n\n\t\t\t\t\t\t\t<div class=\"premium-blog-content-inner-wrapper\">\n\t\t<p class=\"premium-blog-post-content\">\u00dcber 100.000 Mitarbeiter der gr\u00f6\u00dften Tech-Konzerne haben in den letzten zw\u00f6lf Monaten ihren Job verloren. Die Ironie: Nicht die Fabrikarbeiter, sondern die \u2026<\/p>\t\t<\/div>\n\t\t\t\t\t\t\t\n\t\t\t\t<\/div>\n\t\t\t<\/div>\n\t\t<\/div>\n\n\t\t\t\t<div class=\"premium-blog-post-outer-container karriere-deutschland\" data-total=\"1\">\n\t\t\t<div class=\"premium-blog-post-container premium-blog-skin-classic\">\n\t\t\t\t\t\t\t\t\t<div class=\"premium-blog-thumb-effect-wrapper\">\n\t\t\t\t\t\t<div class=\"premium-blog-thumbnail-container premium-blog-zoomin-effect\">\n\t\t\t\t\t\t\t<img decoding=\"async\" width=\"1696\" height=\"624\" src=\"https:\/\/job.manualjobsearch.com\/wp-content\/uploads\/2026\/04\/Gemini_Generated_Image_k30tp9k30tp9k30t.png\" class=\"attachment-full size-full wp-image-12183\" alt=\"\" srcset=\"https:\/\/job.manualjobsearch.com\/wp-content\/uploads\/2026\/04\/Gemini_Generated_Image_k30tp9k30tp9k30t.png 1696w, https:\/\/job.manualjobsearch.com\/wp-content\/uploads\/2026\/04\/Gemini_Generated_Image_k30tp9k30tp9k30t-300x110.png 300w, https:\/\/job.manualjobsearch.com\/wp-content\/uploads\/2026\/04\/Gemini_Generated_Image_k30tp9k30tp9k30t-1024x377.png 1024w, https:\/\/job.manualjobsearch.com\/wp-content\/uploads\/2026\/04\/Gemini_Generated_Image_k30tp9k30tp9k30t-768x283.png 768w, https:\/\/job.manualjobsearch.com\/wp-content\/uploads\/2026\/04\/Gemini_Generated_Image_k30tp9k30tp9k30t-1536x565.png 1536w, https:\/\/job.manualjobsearch.com\/wp-content\/uploads\/2026\/04\/Gemini_Generated_Image_k30tp9k30tp9k30t-18x7.png 18w\" sizes=\"(max-width: 1696px) 100vw, 1696px\" \/>\t\t\t\t\t\t<\/div>\n\t\t\t\t\t\t\t\t\t\t\t\t\t<div class=\"premium-blog-thumbnail-overlay\">\n\t\t\t\t\t\t\t\t<a class=\"elementor-icon\" href=\"https:\/\/job.manualjobsearch.com\/de_at\/ki-und-der-arbeitsmarkt-2025-wer-wirklich-gefaehrdet-ist-und-wer-nicht\/\" target=\"_blank\"><\/a>\n\t\t\t\t\t\t\t<\/div>\n\n\t\t\t\t\t\t\t\t\t\t\t\t\t\t\t\t\t\t<\/div>\n\t\t\t\t\t\t\t\t\t\t\t\t<div class=\"premium-blog-content-wrapper\">\n\n\t\t\t\t\t<div class=\"premium-blog-inner-container\">\n\n\t\t\t\t\t\t\t\t\t\t\t\t\t\t<h2 class=\"premium-blog-entry-title\">\n\t\t\t<a href=\"https:\/\/job.manualjobsearch.com\/de_at\/ki-und-der-arbeitsmarkt-2025-wer-wirklich-gefaehrdet-ist-und-wer-nicht\/\" target=\"_blank\">\n\t\t\t\tKI und der Arbeitsmarkt 2025: Wer wirklich gef\u00e4hrdet ist \u2013 und wer nicht\t\t\t<\/a>\n\t\t<\/h2>\n\t\t\t\t<div class=\"premium-blog-entry-meta\">\n\t\t\t\n\t\t\t\t\t\t\t<span class=\"premium-blog-meta-separator\">\u2022<\/span>\n\t\t\t\t<div class=\"premium-blog-post-time premium-blog-meta-data\">\n\t\t\t\t\t<i class=\"fa fa-calendar-alt\" aria-hidden=\"true\"><\/i>\n\t\t\t\t\t<span>02.04.2026<\/span>\n\t\t\t\t<\/div>\n\t\t\t\n\t\t\t\n\t\t\t\t\t<\/div>\n\t\t\n\t\t\t\t\t<\/div>\n\n\t\t\t\t\t\t\t<div class=\"premium-blog-content-inner-wrapper\">\n\t\t<p class=\"premium-blog-post-content\">Eine aktuelle Anthropic-Studie liefert erstmals Echtzeitdaten statt Prognosen. Die Ergebnisse widersprechen allem, was man bisher glaubte zu wissen. Keine Prognosen mehr \u2013 \u2026<\/p>\t\t<\/div>\n\t\t\t\t\t\t\t\n\t\t\t\t<\/div>\n\t\t\t<\/div>\n\t\t<\/div>\n\n\t\t\t\t<div class=\"premium-blog-post-outer-container karriere-deutschland\" data-total=\"1\">\n\t\t\t<div class=\"premium-blog-post-container premium-blog-skin-classic\">\n\t\t\t\t\t\t\t\t\t<div class=\"premium-blog-thumb-effect-wrapper\">\n\t\t\t\t\t\t<div class=\"premium-blog-thumbnail-container premium-blog-zoomin-effect\">\n\t\t\t\t\t\t\t<img loading=\"lazy\" decoding=\"async\" width=\"1696\" height=\"624\" src=\"https:\/\/job.manualjobsearch.com\/wp-content\/uploads\/2026\/03\/ki-arbeitsmarkt.png\" class=\"attachment-full size-full wp-image-12118\" alt=\"\" srcset=\"https:\/\/job.manualjobsearch.com\/wp-content\/uploads\/2026\/03\/ki-arbeitsmarkt.png 1696w, https:\/\/job.manualjobsearch.com\/wp-content\/uploads\/2026\/03\/ki-arbeitsmarkt-300x110.png 300w, https:\/\/job.manualjobsearch.com\/wp-content\/uploads\/2026\/03\/ki-arbeitsmarkt-1024x377.png 1024w, https:\/\/job.manualjobsearch.com\/wp-content\/uploads\/2026\/03\/ki-arbeitsmarkt-768x283.png 768w, https:\/\/job.manualjobsearch.com\/wp-content\/uploads\/2026\/03\/ki-arbeitsmarkt-1536x565.png 1536w, https:\/\/job.manualjobsearch.com\/wp-content\/uploads\/2026\/03\/ki-arbeitsmarkt-18x7.png 18w\" sizes=\"(max-width: 1696px) 100vw, 1696px\" \/>\t\t\t\t\t\t<\/div>\n\t\t\t\t\t\t\t\t\t\t\t\t\t<div class=\"premium-blog-thumbnail-overlay\">\n\t\t\t\t\t\t\t\t<a class=\"elementor-icon\" href=\"https:\/\/job.manualjobsearch.com\/de_at\/kuenstliche-intelligenz-und-arbeitsmarkt-warum-die-eigentliche-veraenderung-erst-beginnt\/\" target=\"_blank\"><\/a>\n\t\t\t\t\t\t\t<\/div>\n\n\t\t\t\t\t\t\t\t\t\t\t\t\t\t\t\t\t\t<\/div>\n\t\t\t\t\t\t\t\t\t\t\t\t<div class=\"premium-blog-content-wrapper\">\n\n\t\t\t\t\t<div class=\"premium-blog-inner-container\">\n\n\t\t\t\t\t\t\t\t\t\t\t\t\t\t<h2 class=\"premium-blog-entry-title\">\n\t\t\t<a href=\"https:\/\/job.manualjobsearch.com\/de_at\/kuenstliche-intelligenz-und-arbeitsmarkt-warum-die-eigentliche-veraenderung-erst-beginnt\/\" target=\"_blank\">\n\t\t\t\tK\u00fcnstliche Intelligenz und Arbeitsmarkt: Warum die eigentliche Ver\u00e4nderung erst beginnt\t\t\t<\/a>\n\t\t<\/h2>\n\t\t\t\t<div class=\"premium-blog-entry-meta\">\n\t\t\t\n\t\t\t\t\t\t\t<span class=\"premium-blog-meta-separator\">\u2022<\/span>\n\t\t\t\t<div class=\"premium-blog-post-time premium-blog-meta-data\">\n\t\t\t\t\t<i class=\"fa fa-calendar-alt\" aria-hidden=\"true\"><\/i>\n\t\t\t\t\t<span>26.03.2026<\/span>\n\t\t\t\t<\/div>\n\t\t\t\n\t\t\t\n\t\t\t\t\t<\/div>\n\t\t\n\t\t\t\t\t<\/div>\n\n\t\t\t\t\t\t\t<div class=\"premium-blog-content-inner-wrapper\">\n\t\t<p class=\"premium-blog-post-content\">Die Debatte \u00fcber KI auf dem Arbeitsmarkt wird oft auf zwei Extreme reduziert. Die Realit\u00e4t liegt dazwischen.<\/p>\t\t<\/div>\n\t\t\t\t\t\t\t\n\t\t\t\t<\/div>\n\t\t\t<\/div>\n\t\t<\/div>\n\n\t\t\t\t<div class=\"premium-blog-post-outer-container karriere-deutschland\" data-total=\"1\">\n\t\t\t<div class=\"premium-blog-post-container premium-blog-skin-classic\">\n\t\t\t\t\t\t\t\t\t<div class=\"premium-blog-thumb-effect-wrapper\">\n\t\t\t\t\t\t<div class=\"premium-blog-thumbnail-container premium-blog-zoomin-effect\">\n\t\t\t\t\t\t\t<img loading=\"lazy\" decoding=\"async\" width=\"1280\" height=\"480\" src=\"https:\/\/job.manualjobsearch.com\/wp-content\/uploads\/2026\/03\/photo_2026-03-18_21-28-01-2.jpg\" class=\"attachment-full size-full wp-image-12052\" alt=\"\" srcset=\"https:\/\/job.manualjobsearch.com\/wp-content\/uploads\/2026\/03\/photo_2026-03-18_21-28-01-2.jpg 1280w, https:\/\/job.manualjobsearch.com\/wp-content\/uploads\/2026\/03\/photo_2026-03-18_21-28-01-2-300x113.jpg 300w, https:\/\/job.manualjobsearch.com\/wp-content\/uploads\/2026\/03\/photo_2026-03-18_21-28-01-2-1024x384.jpg 1024w, https:\/\/job.manualjobsearch.com\/wp-content\/uploads\/2026\/03\/photo_2026-03-18_21-28-01-2-768x288.jpg 768w, https:\/\/job.manualjobsearch.com\/wp-content\/uploads\/2026\/03\/photo_2026-03-18_21-28-01-2-18x7.jpg 18w\" sizes=\"(max-width: 1280px) 100vw, 1280px\" \/>\t\t\t\t\t\t<\/div>\n\t\t\t\t\t\t\t\t\t\t\t\t\t<div class=\"premium-blog-thumbnail-overlay\">\n\t\t\t\t\t\t\t\t<a class=\"elementor-icon\" href=\"https:\/\/job.manualjobsearch.com\/de_at\/wie-kuenstliche-intelligenz-den-beruf-des-bauingenieurs-veraendert\/\" target=\"_blank\"><\/a>\n\t\t\t\t\t\t\t<\/div>\n\n\t\t\t\t\t\t\t\t\t\t\t\t\t\t\t\t\t\t<\/div>\n\t\t\t\t\t\t\t\t\t\t\t\t<div class=\"premium-blog-content-wrapper\">\n\n\t\t\t\t\t<div class=\"premium-blog-inner-container\">\n\n\t\t\t\t\t\t\t\t\t\t\t\t\t\t<h2 class=\"premium-blog-entry-title\">\n\t\t\t<a href=\"https:\/\/job.manualjobsearch.com\/de_at\/wie-kuenstliche-intelligenz-den-beruf-des-bauingenieurs-veraendert\/\" target=\"_blank\">\n\t\t\t\tWie K\u00fcnstliche Intelligenz den Beruf des Bauingenieurs ver\u00e4ndert\t\t\t<\/a>\n\t\t<\/h2>\n\t\t\t\t<div class=\"premium-blog-entry-meta\">\n\t\t\t\n\t\t\t\t\t\t\t<span class=\"premium-blog-meta-separator\">\u2022<\/span>\n\t\t\t\t<div class=\"premium-blog-post-time premium-blog-meta-data\">\n\t\t\t\t\t<i class=\"fa fa-calendar-alt\" aria-hidden=\"true\"><\/i>\n\t\t\t\t\t<span>18.03.2026<\/span>\n\t\t\t\t<\/div>\n\t\t\t\n\t\t\t\n\t\t\t\t\t<\/div>\n\t\t\n\t\t\t\t\t<\/div>\n\n\t\t\t\t\t\t\t<div class=\"premium-blog-content-inner-wrapper\">\n\t\t<p class=\"premium-blog-post-content\">Die Bauindustrie galt lange als konservative Branche. Planung, Statikberechnungen und Bau\u00fcberwachung folgten \u00fcber Jahrzehnte \u00e4hnlichen Prinzipien. Doch in den letzten Jahren hat \u2026<\/p>\t\t<\/div>\n\t\t\t\t\t\t\t\n\t\t\t\t<\/div>\n\t\t\t<\/div>\n\t\t<\/div>\n\n\t\t\t\t\t\t\t<\/div>\n\n\t\t\n\t\t\n\t\t\t\t\t\t<\/div>\n\t\t\t\t<\/div>\n\t\t\t\t<div class=\"elementor-element elementor-element-2f1b531 elementor-widget elementor-widget-spacer\" data-id=\"2f1b531\" data-element_type=\"widget\" data-e-type=\"widget\" data-widget_type=\"spacer.default\">\n\t\t\t\t<div class=\"elementor-widget-container\">\n\t\t\t\t\t\t\t<div class=\"elementor-spacer\">\n\t\t\t<div class=\"elementor-spacer-inner\"><\/div>\n\t\t<\/div>\n\t\t\t\t\t\t<\/div>\n\t\t\t\t<\/div>\n\t\t\t\t\t<\/div>\n\t\t\t\t<\/div>\n\t\t\t\t<\/div>","protected":false},"excerpt":{"rendered":"<p>Unser Blog Praktische Tipps zur Jobsuche, CV-Optimierung und Insights zum Arbeitsmarkt \u2014 alles an einem Ort. All blog \u0411\u0435\u0437 \u0440\u0443\u0431\u0440\u0438\u043a\u0438 F\u00fcnf typische Fehler in Lebensl\u00e4ufen internationaler Fachkr\u00e4fte in Deutschland \u2022 06.02.2026 Viele internationale Fachkr\u00e4fte kommen mit solider Erfahrung, guten Qualifikationen und klarer Motivation nach Deutschland \u2013 und erhalten dennoch kaum R\u00fcckmeldungen auf ihre \u2026 Warum [&hellip;]<\/p>","protected":false},"author":256,"featured_media":0,"parent":0,"menu_order":0,"comment_status":"closed","ping_status":"closed","template":"","meta":{"_acf_changed":false,"footnotes":""},"class_list":["post-11851","page","type-page","status-publish","hentry"],"acf":[],"_links":{"self":[{"href":"https:\/\/job.manualjobsearch.com\/de_at\/wp-json\/wp\/v2\/pages\/11851","targetHints":{"allow":["GET"]}}],"collection":[{"href":"https:\/\/job.manualjobsearch.com\/de_at\/wp-json\/wp\/v2\/pages"}],"about":[{"href":"https:\/\/job.manualjobsearch.com\/de_at\/wp-json\/wp\/v2\/types\/page"}],"author":[{"embeddable":true,"href":"https:\/\/job.manualjobsearch.com\/de_at\/wp-json\/wp\/v2\/users\/256"}],"replies":[{"embeddable":true,"href":"https:\/\/job.manualjobsearch.com\/de_at\/wp-json\/wp\/v2\/comments?post=11851"}],"version-history":[{"count":0,"href":"https:\/\/job.manualjobsearch.com\/de_at\/wp-json\/wp\/v2\/pages\/11851\/revisions"}],"wp:attachment":[{"href":"https:\/\/job.manualjobsearch.com\/de_at\/wp-json\/wp\/v2\/media?parent=11851"}],"curies":[{"name":"wp","href":"https:\/\/api.w.org\/{rel}","templated":true}]}}