{"id":100,"date":"2020-06-01T14:32:10","date_gmt":"2020-06-01T14:32:10","guid":{"rendered":"https:\/\/themes.muffingroup.com\/be\/erp2\/?page_id=3"},"modified":"2025-10-21T10:42:11","modified_gmt":"2025-10-21T08:42:11","slug":"privacy-policy","status":"publish","type":"page","link":"https:\/\/job.manualjobsearch.com\/tr\/privacy-policy\/","title":{"rendered":"Veri koruma d\u00fczenlemeleri"},"content":{"rendered":"<div data-elementor-type=\"wp-page\" data-elementor-id=\"100\" class=\"elementor elementor-100\" data-elementor-post-type=\"page\">\n\t\t\t\t<div class=\"elementor-element elementor-element-5f55b4e e-con-full e-flex e-con e-parent\" data-id=\"5f55b4e\" data-element_type=\"container\" data-e-type=\"container\">\n\t\t\t\t<div class=\"elementor-element elementor-element-3b8add2 elementor-widget elementor-widget-spacer\" data-id=\"3b8add2\" data-element_type=\"widget\" data-e-type=\"widget\" data-widget_type=\"spacer.default\">\n\t\t\t\t<div class=\"elementor-widget-container\">\n\t\t\t\t\t\t\t<div class=\"elementor-spacer\">\n\t\t\t<div class=\"elementor-spacer-inner\"><\/div>\n\t\t<\/div>\n\t\t\t\t\t\t<\/div>\n\t\t\t\t<\/div>\n\t\t\t\t<div class=\"elementor-element elementor-element-9f0e8f3 elementor-widget elementor-widget-heading\" data-id=\"9f0e8f3\" data-element_type=\"widget\" data-e-type=\"widget\" data-widget_type=\"heading.default\">\n\t\t\t\t<div class=\"elementor-widget-container\">\n\t\t\t\t\t<h1 class=\"elementor-heading-title elementor-size-default\">Gizlilik Politikas\u0131<\/h1>\t\t\t\t<\/div>\n\t\t\t\t<\/div>\n\t\t\t\t<div class=\"elementor-element elementor-element-f7e0dfb elementor-widget__width-inherit elementor-widget-widescreen__width-initial elementor-widget-mobile__width-inherit elementor-widget elementor-widget-text-editor\" data-id=\"f7e0dfb\" data-element_type=\"widget\" data-e-type=\"widget\" data-widget_type=\"text-editor.default\">\n\t\t\t\t<div class=\"elementor-widget-container\">\n\t\t\t\t\t\t\t\t\t<p><strong>Bu Gizlilik Politikas\u0131 MJS 4 ME PTE. taraf\u0131ndan toplanan bilgiler i\u00e7in ge\u00e7erlidir. LTD, Direkt\u00f6r: Zornitsa Haralampieva Sabeva, ana i\u015f yeri 1 North Bridge Rd #B1-35 High Street Centre 179094 Singapur, Telefon: +6582400319<\/strong><strong>Sundu\u011fumuz hizmetler ve ki\u015fisel verileri Singapur Ki\u015fisel Verilerin Korunmas\u0131 Yasas\u0131 (\"PDPA\") uyar\u0131nca nas\u0131l i\u015fledi\u011fimiz.<\/strong><\/p>\n<h2 style=\"color: #333ad7;\"><strong>1. bilgi toplama<\/strong><\/h2>\n<p><strong>Hizmetlerimizi kulland\u0131\u011f\u0131n\u0131zda veya web sitemizi ziyaret etti\u011finizde sizden ki\u015fisel veriler toplayabiliriz. Toplayabilece\u011fimiz ki\u015fisel veri t\u00fcrleri aras\u0131nda, bunlarla s\u0131n\u0131rl\u0131 olmamak \u00fczere, ad\u0131n\u0131z, ileti\u015fim bilgileriniz, IP adresiniz ve hizmetlerimizi kullan\u0131m\u0131n\u0131zla ba\u011flant\u0131l\u0131 i\u015flem bilgileri yer al\u0131r.<\/strong><\/p>\n<h2 style=\"color: #333ad7;\"><strong>2. Ki\u015fisel verilerin kullan\u0131m\u0131<\/strong><\/h2>\n<p><strong>Toplad\u0131\u011f\u0131m\u0131z ki\u015fisel veriler a\u015fa\u011f\u0131daki ama\u00e7lar i\u00e7in kullan\u0131labilir:<\/strong><\/p>\n<p><strong>- Hizmetlerimizin sa\u011flanmas\u0131, s\u00fcrd\u00fcr\u00fclmesi ve iyile\u015ftirilmesi;<\/strong><\/p>\n<p><strong>- Sorular\u0131n\u0131z\u0131 veya geri bildirimlerinizi yan\u0131tlamak;<\/strong><\/p>\n<p><strong>- \u00dcr\u00fcnlerimizi ve hizmetlerimizi geli\u015ftirmek i\u00e7in pazar ara\u015ft\u0131rmas\u0131 veya anketler yapmak;<\/strong><\/p>\n<p><strong>- Y\u00fcr\u00fcrl\u00fckteki t\u00fcm yasa, y\u00f6netmelik veya direktiflere uygunluk.<\/strong><\/p>\n<h2 style=\"color: #333ad7;\"><strong>3. ki\u015fisel verilerin if\u015fa edilmesi<\/strong><\/h2>\n<p><strong>Yasalar gerektirmedik\u00e7e veya yasal i\u015flemler ba\u011flam\u0131nda olmad\u0131k\u00e7a, ki\u015fisel verilerinizi izniniz olmadan \u00fc\u00e7\u00fcnc\u00fc taraflara if\u015fa etmeyece\u011fiz. Ki\u015fisel verilerinizi, hizmetlerimizi sa\u011flamam\u0131zda bize destek olan hizmet sa\u011flay\u0131c\u0131lara aktarabiliriz. Ancak, verilerinizi gizli tutmak ve ba\u015fka ama\u00e7larla kullanmamakla y\u00fck\u00fcml\u00fcd\u00fcrler.<\/strong><\/p>\n<h2 style=\"color: #333ad7;\"><strong>4. G\u00fcvenlik<\/strong><\/h2>\n<p><strong>Ki\u015fisel verilerinizin g\u00fcvenli\u011fini sa\u011flamak i\u00e7in \u00e7aba g\u00f6steriyoruz. Ki\u015fisel verilerinizi yetkisiz eri\u015fim, kullan\u0131m, if\u015fa, de\u011fi\u015fiklik veya imhaya kar\u015f\u0131 korumak i\u00e7in uygun fiziksel ve teknik \u00f6nlemleri ald\u0131k.<\/strong><\/p>\n<h2 style=\"color: #333ad7;\"><strong>5. \u00e7erezler ve di\u011fer izleme teknolojileri<\/strong><\/h2>\n<p><strong>Web sitemiz, kullan\u0131c\u0131 deneyiminizi geli\u015ftirmek i\u00e7in \u00e7erezleri ve di\u011fer izleme teknolojilerini kullanabilir. Taray\u0131c\u0131 ayarlar\u0131n\u0131z\u0131 de\u011fi\u015ftirerek \u00e7erezleri kabul etme veya reddetme se\u00e7ene\u011finiz vard\u0131r.<\/strong><\/p>\n<h2 style=\"color: #333ad7;\"><strong>6. Ki\u015fisel verilere eri\u015fim ve d\u00fczeltme<\/strong><\/h2>\n<p><strong>KVKK uyar\u0131nca, taraf\u0131m\u0131zca saklanan ki\u015fisel verilerinize eri\u015fim ve d\u00fczeltme talebinde bulunabilirsiniz. Bu talepte bulunmak i\u00e7in l\u00fctfen ana sayfadaki ileti\u015fim formunu kullanarak bizimle ileti\u015fime ge\u00e7in.<\/strong><\/p>\n<h2 style=\"color: #333ad7;\"><strong>7. ki\u015fisel verilerin saklanmas\u0131<\/strong><\/h2>\n<p><strong>Ki\u015fisel verilerinizi, toplanma ama\u00e7lar\u0131n\u0131 yerine getirmek i\u00e7in gerekli oldu\u011fu veya y\u00fcr\u00fcrl\u00fckteki yasalar\u0131n gerektirdi\u011fi s\u00fcrece saklayaca\u011f\u0131z.<\/strong><\/p>\n<h2 style=\"color: #333ad7;\"><strong>8. gi\u0307zli\u0307li\u0307k poli\u0307ti\u0307kasinda yapilan de\u011fi\u0307\u015fi\u0307kli\u0307kler<\/strong><\/h2>\n<p><strong>Bu Gizlilik Politikas\u0131n\u0131 zaman zaman g\u00fcncelleyebiliriz. T\u00fcm de\u011fi\u015fiklikler bu sayfada yay\u0131nlanacak ve uygun oldu\u011fu durumlarda size e-posta ile bildirilecektir.<\/strong><\/p>\n<h2 style=\"color: #333ad7;\"><strong>9. Bizimle ileti\u015fime ge\u00e7in<\/strong><\/h2>\n<p><strong>Gizlilik uygulamalar\u0131m\u0131z hakk\u0131nda herhangi bir sorunuz veya endi\u015feniz varsa, l\u00fctfen ana sayfadaki ileti\u015fim formunu kullanarak bizimle ileti\u015fime ge\u00e7in.<\/strong><\/p>\n<p><strong><!-- \/wp:paragraph --><\/strong><\/p>\n<p><strong><!-- wp:heading --><\/strong><\/p>\n<h3>\u00a0<\/h3>\n<p><strong><!-- \/wp:heading --><\/strong><\/p>\n<p>\u00a0<\/p>\t\t\t\t\t\t\t\t<\/div>\n\t\t\t\t<\/div>\n\t\t\t\t<div class=\"elementor-element elementor-element-2bb6fb6 elementor-widget elementor-widget-spacer\" data-id=\"2bb6fb6\" data-element_type=\"widget\" data-e-type=\"widget\" data-widget_type=\"spacer.default\">\n\t\t\t\t<div class=\"elementor-widget-container\">\n\t\t\t\t\t\t\t<div class=\"elementor-spacer\">\n\t\t\t<div class=\"elementor-spacer-inner\"><\/div>\n\t\t<\/div>\n\t\t\t\t\t\t<\/div>\n\t\t\t\t<\/div>\n\t\t\t\t<div class=\"elementor-element elementor-element-0d759cd elementor-widget elementor-widget-html\" data-id=\"0d759cd\" data-element_type=\"widget\" data-e-type=\"widget\" data-widget_type=\"html.default\">\n\t\t\t\t<div class=\"elementor-widget-container\">\n\t\t\t\t\t<style>.elementor-element-0d759cd{display:none !important}<\/style>\t\t\t\t<\/div>\n\t\t\t\t<\/div>\n\t\t\t\t<div class=\"elementor-element elementor-element-5d2bb42 elementor-widget elementor-widget-html\" data-id=\"5d2bb42\" data-element_type=\"widget\" data-e-type=\"widget\" data-widget_type=\"html.default\">\n\t\t\t\t<div class=\"elementor-widget-container\">\n\t\t\t\t\t<script>\n        (function(w,d,u){\n                var s=d.createElement('script');s.async=true;s.src=u+'?'+(Date.now()\/60000|0);\n                var h=d.getElementsByTagName('script')[0];h.parentNode.insertBefore(s,h);\n        })(window,document,'https:\/\/crm.mjs4.me\/upload\/crm\/site_button\/loader_3_gjtzmp.js');\n<\/script>\t\t\t\t<\/div>\n\t\t\t\t<\/div>\n\t\t\t\t<\/div>\n\t\t<div class=\"elementor-element elementor-element-59c2287 e-flex e-con-boxed e-con e-parent\" data-id=\"59c2287\" data-element_type=\"container\" data-e-type=\"container\">\n\t\t\t\t\t<div class=\"e-con-inner\">\n\t\t\t\t<div class=\"elementor-element elementor-element-40b267d elementor-widget elementor-widget-shortcode\" data-id=\"40b267d\" data-element_type=\"widget\" data-e-type=\"widget\" data-widget_type=\"shortcode.default\">\n\t\t\t\t<div class=\"elementor-widget-container\">\n\t\t\t\t\t\t\t<div class=\"elementor-shortcode\">[cookies_revoke]<\/div>\n\t\t\t\t\t\t<\/div>\n\t\t\t\t<\/div>\n\t\t\t\t\t<\/div>\n\t\t\t\t<\/div>\n\t\t\t\t<\/div>","protected":false},"excerpt":{"rendered":"<p>Datenschutzerkl\u00e4rung Diese Datenschutzrichtlinie gilt f\u00fcr die von MJS 4 ME PTE. LTD., Director: Zornitsa Haralampieva Sabeva mit Hauptgesch\u00e4ftssitz in 1 North Bridge Rd #B1-35 High Street Center 179094 Singapore, Telefon: +6582400319, angebotenen Dienste und erl\u00e4utert, wie wir mit personenbezogenen Daten gem\u00e4\u00df dem Personal Data Protection Act (\u201ePDPA\u201c) von Singapur umgehen. 1. Informationssammlung Wir erfassen m\u00f6glicherweise [&hellip;]<\/p>","protected":false},"author":1,"featured_media":0,"parent":0,"menu_order":0,"comment_status":"closed","ping_status":"closed","template":"","meta":{"_acf_changed":false,"footnotes":""},"class_list":["post-100","page","type-page","status-publish","hentry"],"acf":[],"_links":{"self":[{"href":"https:\/\/job.manualjobsearch.com\/tr\/wp-json\/wp\/v2\/pages\/100","targetHints":{"allow":["GET"]}}],"collection":[{"href":"https:\/\/job.manualjobsearch.com\/tr\/wp-json\/wp\/v2\/pages"}],"about":[{"href":"https:\/\/job.manualjobsearch.com\/tr\/wp-json\/wp\/v2\/types\/page"}],"author":[{"embeddable":true,"href":"https:\/\/job.manualjobsearch.com\/tr\/wp-json\/wp\/v2\/users\/1"}],"replies":[{"embeddable":true,"href":"https:\/\/job.manualjobsearch.com\/tr\/wp-json\/wp\/v2\/comments?post=100"}],"version-history":[{"count":0,"href":"https:\/\/job.manualjobsearch.com\/tr\/wp-json\/wp\/v2\/pages\/100\/revisions"}],"wp:attachment":[{"href":"https:\/\/job.manualjobsearch.com\/tr\/wp-json\/wp\/v2\/media?parent=100"}],"curies":[{"name":"wp","href":"https:\/\/api.w.org\/{rel}","templated":true}]}}