{"id":11851,"date":"2026-02-04T18:29:15","date_gmt":"2026-02-04T16:29:15","guid":{"rendered":"https:\/\/job.manualjobsearch.com\/?page_id=11851"},"modified":"2026-02-06T21:13:06","modified_gmt":"2026-02-06T19:13:06","slug":"blog","status":"publish","type":"page","link":"https:\/\/job.manualjobsearch.com\/tr\/blog\/","title":{"rendered":"Blog"},"content":{"rendered":"<div data-elementor-type=\"wp-page\" data-elementor-id=\"11851\" class=\"elementor elementor-11851\" data-elementor-post-type=\"page\">\n\t\t\t\t<div class=\"elementor-element elementor-element-faaff18 e-flex e-con-boxed e-con e-parent\" data-id=\"faaff18\" data-element_type=\"container\" data-e-type=\"container\">\n\t\t\t\t\t<div class=\"e-con-inner\">\n\t\t\t\t<div class=\"elementor-element elementor-element-884ab77 elementor-widget elementor-widget-spacer\" data-id=\"884ab77\" data-element_type=\"widget\" data-e-type=\"widget\" data-widget_type=\"spacer.default\">\n\t\t\t\t<div class=\"elementor-widget-container\">\n\t\t\t\t\t\t\t<div class=\"elementor-spacer\">\n\t\t\t<div class=\"elementor-spacer-inner\"><\/div>\n\t\t<\/div>\n\t\t\t\t\t\t<\/div>\n\t\t\t\t<\/div>\n\t\t\t\t<div class=\"elementor-element elementor-element-b243989 elementor-widget elementor-widget-heading\" data-id=\"b243989\" data-element_type=\"widget\" data-e-type=\"widget\" data-widget_type=\"heading.default\">\n\t\t\t\t<div class=\"elementor-widget-container\">\n\t\t\t\t\t<h1 class=\"elementor-heading-title elementor-size-default\">Bizim Blogumuz<\/h1>\t\t\t\t<\/div>\n\t\t\t\t<\/div>\n\t\t\t\t<div class=\"elementor-element elementor-element-a27ad3f elementor-widget elementor-widget-text-editor\" data-id=\"a27ad3f\" data-element_type=\"widget\" data-e-type=\"widget\" data-widget_type=\"text-editor.default\">\n\t\t\t\t<div class=\"elementor-widget-container\">\n\t\t\t\t\t\t\t\t\t<p>\u0130\u015f arama, CV optimizasyonu ve i\u015f piyasas\u0131 i\u00e7g\u00f6r\u00fcleri i\u00e7in pratik ipu\u00e7lar\u0131 \u2014 hepsi bir arada.<\/p>\t\t\t\t\t\t\t\t<\/div>\n\t\t\t\t<\/div>\n\t\t\t\t<div class=\"elementor-element elementor-element-0d0617d premium-blog-align-left elementor-widget elementor-widget-premium-addon-blog\" data-id=\"0d0617d\" data-element_type=\"widget\" data-e-type=\"widget\" data-settings=\"{&quot;premium_blog_columns_number&quot;:&quot;33.33%&quot;,&quot;filter_flag&quot;:&quot;cat&quot;,&quot;premium_blog_grid&quot;:&quot;yes&quot;,&quot;premium_blog_layout&quot;:&quot;even&quot;,&quot;premium_blog_columns_number_tablet&quot;:&quot;50%&quot;,&quot;premium_blog_columns_number_mobile&quot;:&quot;100%&quot;,&quot;scroll_to_offset&quot;:&quot;yes&quot;}\" data-widget_type=\"premium-addon-blog.default\">\n\t\t\t\t<div class=\"elementor-widget-container\">\n\t\t\t\t\t\n\t\t\t\t\t\t\t<div class=\"premium-blog-filter\">\n\t\t\t<ul class=\"premium-blog-filters-container\">\n\t\t\t\t\t\t\t\t\t<li>\n\t\t\t\t\t\t<a href=\"javascript:;\" class=\"category active\" data-filter=\"*\">\n\t\t\t\t\t\t\tHepsi\t\t\t\t\t\t<\/a>\n\t\t\t\t\t<\/li>\n\t\t\t\t\t\t\t\t\t\t\t\t\t\t<li>\n\t\t\t\t\t\t\t<a href=\"javascript:;\" class=\"category\" data-filter=\"karriere-deutschland\">\n\t\t\t\t\t\t\t\tKariyer Almanya\t\t\t\t\t\t\t<\/a>\n\t\t\t\t\t\t<\/li>\n\t\t\t\t\t\t\t\t\t\t<li>\n\t\t\t\t\t\t\t<a href=\"javascript:;\" class=\"category\" data-filter=\"ohne-rubrik\">\n\t\t\t\t\t\t\t\tKategorisiz\t\t\t\t\t\t\t<\/a>\n\t\t\t\t\t\t<\/li>\n\t\t\t\t\t\t\t<\/ul>\n\t\t<\/div>\n\t\t\t\t\n\n\t\t\t\t<div class=\"premium-blog-wrap  premium-blog-even\" data-page=\"11851\">\n\t\t\t\t\t\t\t\t\t<div class=\"premium-blog-post-outer-container karriere-deutschland\" data-total=\"1\">\n\t\t\t<div class=\"premium-blog-post-container premium-blog-skin-classic\">\n\t\t\t\t\t\t\t\t\t<div class=\"premium-blog-thumb-effect-wrapper\">\n\t\t\t\t\t\t<div class=\"premium-blog-thumbnail-container premium-blog-zoomin-effect\">\n\t\t\t\t\t\t\t<img fetchpriority=\"high\" decoding=\"async\" width=\"1695\" height=\"624\" src=\"https:\/\/job.manualjobsearch.com\/wp-content\/uploads\/2026\/04\/Gemini_Generated_Image_pmkdaepmkdaepmkd.png\" class=\"attachment-full size-full wp-image-12953\" alt=\"\" srcset=\"https:\/\/job.manualjobsearch.com\/wp-content\/uploads\/2026\/04\/Gemini_Generated_Image_pmkdaepmkdaepmkd.png 1695w, https:\/\/job.manualjobsearch.com\/wp-content\/uploads\/2026\/04\/Gemini_Generated_Image_pmkdaepmkdaepmkd-300x110.png 300w, https:\/\/job.manualjobsearch.com\/wp-content\/uploads\/2026\/04\/Gemini_Generated_Image_pmkdaepmkdaepmkd-1024x377.png 1024w, https:\/\/job.manualjobsearch.com\/wp-content\/uploads\/2026\/04\/Gemini_Generated_Image_pmkdaepmkdaepmkd-768x283.png 768w, https:\/\/job.manualjobsearch.com\/wp-content\/uploads\/2026\/04\/Gemini_Generated_Image_pmkdaepmkdaepmkd-1536x565.png 1536w, https:\/\/job.manualjobsearch.com\/wp-content\/uploads\/2026\/04\/Gemini_Generated_Image_pmkdaepmkdaepmkd-18x7.png 18w\" sizes=\"(max-width: 1695px) 100vw, 1695px\" \/>\t\t\t\t\t\t<\/div>\n\t\t\t\t\t\t\t\t\t\t\t\t\t<div class=\"premium-blog-thumbnail-overlay\">\n\t\t\t\t\t\t\t\t<a class=\"elementor-icon\" href=\"https:\/\/job.manualjobsearch.com\/tr\/wen-ersetzt-ki-wirklich\/\" target=\"_blank\"><\/a>\n\t\t\t\t\t\t\t<\/div>\n\n\t\t\t\t\t\t\t\t\t\t\t\t\t\t\t\t\t\t<\/div>\n\t\t\t\t\t\t\t\t\t\t\t\t<div class=\"premium-blog-content-wrapper\">\n\n\t\t\t\t\t<div class=\"premium-blog-inner-container\">\n\n\t\t\t\t\t\t\t\t\t\t\t\t\t\t<h2 class=\"premium-blog-entry-title\">\n\t\t\t<a href=\"https:\/\/job.manualjobsearch.com\/tr\/wen-ersetzt-ki-wirklich\/\" target=\"_blank\">\n\t\t\t\tYapay zek\u00e2 ger\u00e7ekten kimi ve neleri ikame ediyor? Ve bu durum kimi vazge\u00e7ilmez k\u0131l\u0131yor?\t\t\t<\/a>\n\t\t<\/h2>\n\t\t\t\t<div class=\"premium-blog-entry-meta\">\n\t\t\t\n\t\t\t\t\t\t\t<span class=\"premium-blog-meta-separator\">\u2022<\/span>\n\t\t\t\t<div class=\"premium-blog-post-time premium-blog-meta-data\">\n\t\t\t\t\t<i class=\"fa fa-calendar-alt\" aria-hidden=\"true\"><\/i>\n\t\t\t\t\t<span>16.04.2026<\/span>\n\t\t\t\t<\/div>\n\t\t\t\n\t\t\t\n\t\t\t\t\t<\/div>\n\t\t\n\t\t\t\t\t<\/div>\n\n\t\t\t\t\t\t\t<div class=\"premium-blog-content-inner-wrapper\">\n\t\t<p class=\"premium-blog-post-content\">Soru art\u0131k yapay zek\u00e2n\u0131n i\u015fleri al\u0131p almad\u0131\u011f\u0131 de\u011fil. Soru \u015fu: Kimin i\u015fleri \u2014 ve buna kar\u015f\u0131 ne yap\u0131labilece\u011fi. Bir ...<\/p>\t\t<\/div>\n\t\t\t\t\t\t\t\n\t\t\t\t<\/div>\n\t\t\t<\/div>\n\t\t<\/div>\n\n\t\t\t\t<div class=\"premium-blog-post-outer-container karriere-deutschland\" data-total=\"1\">\n\t\t\t<div class=\"premium-blog-post-container premium-blog-skin-classic\">\n\t\t\t\t\t\t\t\t\t<div class=\"premium-blog-thumb-effect-wrapper\">\n\t\t\t\t\t\t<div class=\"premium-blog-thumbnail-container premium-blog-zoomin-effect\">\n\t\t\t\t\t\t\t<img decoding=\"async\" width=\"1695\" height=\"624\" src=\"https:\/\/job.manualjobsearch.com\/wp-content\/uploads\/2026\/04\/Gemini_Generated_Image_cu90qzcu90qzcu90.png\" class=\"attachment-full size-full wp-image-12237\" alt=\"\" srcset=\"https:\/\/job.manualjobsearch.com\/wp-content\/uploads\/2026\/04\/Gemini_Generated_Image_cu90qzcu90qzcu90.png 1695w, https:\/\/job.manualjobsearch.com\/wp-content\/uploads\/2026\/04\/Gemini_Generated_Image_cu90qzcu90qzcu90-300x110.png 300w, https:\/\/job.manualjobsearch.com\/wp-content\/uploads\/2026\/04\/Gemini_Generated_Image_cu90qzcu90qzcu90-1024x377.png 1024w, https:\/\/job.manualjobsearch.com\/wp-content\/uploads\/2026\/04\/Gemini_Generated_Image_cu90qzcu90qzcu90-768x283.png 768w, https:\/\/job.manualjobsearch.com\/wp-content\/uploads\/2026\/04\/Gemini_Generated_Image_cu90qzcu90qzcu90-1536x565.png 1536w, https:\/\/job.manualjobsearch.com\/wp-content\/uploads\/2026\/04\/Gemini_Generated_Image_cu90qzcu90qzcu90-18x7.png 18w\" sizes=\"(max-width: 1695px) 100vw, 1695px\" \/>\t\t\t\t\t\t<\/div>\n\t\t\t\t\t\t\t\t\t\t\t\t\t<div class=\"premium-blog-thumbnail-overlay\">\n\t\t\t\t\t\t\t\t<a class=\"elementor-icon\" href=\"https:\/\/job.manualjobsearch.com\/tr\/diese-berufe-ueberleben-die-ki-revolution-und-diese-nicht\/\" target=\"_blank\"><\/a>\n\t\t\t\t\t\t\t<\/div>\n\n\t\t\t\t\t\t\t\t\t\t\t\t\t\t\t\t\t\t<\/div>\n\t\t\t\t\t\t\t\t\t\t\t\t<div class=\"premium-blog-content-wrapper\">\n\n\t\t\t\t\t<div class=\"premium-blog-inner-container\">\n\n\t\t\t\t\t\t\t\t\t\t\t\t\t\t<h2 class=\"premium-blog-entry-title\">\n\t\t\t<a href=\"https:\/\/job.manualjobsearch.com\/tr\/diese-berufe-ueberleben-die-ki-revolution-und-diese-nicht\/\" target=\"_blank\">\n\t\t\t\tBu meslekler yapay zeka devrimini atlatacak \u2014 ve bu meslekler atlatamayacak\t\t\t<\/a>\n\t\t<\/h2>\n\t\t\t\t<div class=\"premium-blog-entry-meta\">\n\t\t\t\n\t\t\t\t\t\t\t<span class=\"premium-blog-meta-separator\">\u2022<\/span>\n\t\t\t\t<div class=\"premium-blog-post-time premium-blog-meta-data\">\n\t\t\t\t\t<i class=\"fa fa-calendar-alt\" aria-hidden=\"true\"><\/i>\n\t\t\t\t\t<span>10.04.2026<\/span>\n\t\t\t\t<\/div>\n\t\t\t\n\t\t\t\n\t\t\t\t\t<\/div>\n\t\t\n\t\t\t\t\t<\/div>\n\n\t\t\t\t\t\t\t<div class=\"premium-blog-content-inner-wrapper\">\n\t\t<p class=\"premium-blog-post-content\">Son on iki ayda en b\u00fcy\u00fck teknoloji \u015firketlerinde 100.000'den fazla \u00e7al\u0131\u015fan i\u015fini kaybetti. \u0130ronik olan \u015fu ki: Fabrika i\u015f\u00e7ileri de\u011fil, \u00e7al\u0131\u015fanlar\u2026<\/p>\t\t<\/div>\n\t\t\t\t\t\t\t\n\t\t\t\t<\/div>\n\t\t\t<\/div>\n\t\t<\/div>\n\n\t\t\t\t<div class=\"premium-blog-post-outer-container karriere-deutschland\" data-total=\"1\">\n\t\t\t<div class=\"premium-blog-post-container premium-blog-skin-classic\">\n\t\t\t\t\t\t\t\t\t<div class=\"premium-blog-thumb-effect-wrapper\">\n\t\t\t\t\t\t<div class=\"premium-blog-thumbnail-container premium-blog-zoomin-effect\">\n\t\t\t\t\t\t\t<img decoding=\"async\" width=\"1696\" height=\"624\" src=\"https:\/\/job.manualjobsearch.com\/wp-content\/uploads\/2026\/04\/Gemini_Generated_Image_k30tp9k30tp9k30t.png\" class=\"attachment-full size-full wp-image-12183\" alt=\"\" srcset=\"https:\/\/job.manualjobsearch.com\/wp-content\/uploads\/2026\/04\/Gemini_Generated_Image_k30tp9k30tp9k30t.png 1696w, https:\/\/job.manualjobsearch.com\/wp-content\/uploads\/2026\/04\/Gemini_Generated_Image_k30tp9k30tp9k30t-300x110.png 300w, https:\/\/job.manualjobsearch.com\/wp-content\/uploads\/2026\/04\/Gemini_Generated_Image_k30tp9k30tp9k30t-1024x377.png 1024w, https:\/\/job.manualjobsearch.com\/wp-content\/uploads\/2026\/04\/Gemini_Generated_Image_k30tp9k30tp9k30t-768x283.png 768w, https:\/\/job.manualjobsearch.com\/wp-content\/uploads\/2026\/04\/Gemini_Generated_Image_k30tp9k30tp9k30t-1536x565.png 1536w, https:\/\/job.manualjobsearch.com\/wp-content\/uploads\/2026\/04\/Gemini_Generated_Image_k30tp9k30tp9k30t-18x7.png 18w\" sizes=\"(max-width: 1696px) 100vw, 1696px\" \/>\t\t\t\t\t\t<\/div>\n\t\t\t\t\t\t\t\t\t\t\t\t\t<div class=\"premium-blog-thumbnail-overlay\">\n\t\t\t\t\t\t\t\t<a class=\"elementor-icon\" href=\"https:\/\/job.manualjobsearch.com\/tr\/ki-und-der-arbeitsmarkt-2025-wer-wirklich-gefaehrdet-ist-und-wer-nicht\/\" target=\"_blank\"><\/a>\n\t\t\t\t\t\t\t<\/div>\n\n\t\t\t\t\t\t\t\t\t\t\t\t\t\t\t\t\t\t<\/div>\n\t\t\t\t\t\t\t\t\t\t\t\t<div class=\"premium-blog-content-wrapper\">\n\n\t\t\t\t\t<div class=\"premium-blog-inner-container\">\n\n\t\t\t\t\t\t\t\t\t\t\t\t\t\t<h2 class=\"premium-blog-entry-title\">\n\t\t\t<a href=\"https:\/\/job.manualjobsearch.com\/tr\/ki-und-der-arbeitsmarkt-2025-wer-wirklich-gefaehrdet-ist-und-wer-nicht\/\" target=\"_blank\">\n\t\t\t\tYapay Zeka ve 2025 \u0130\u015f G\u00fcc\u00fc Piyasas\u0131: Ger\u00e7ekten Kimler Risk Alt\u0131nda \u2013 ve Kimler De\u011fil\t\t\t<\/a>\n\t\t<\/h2>\n\t\t\t\t<div class=\"premium-blog-entry-meta\">\n\t\t\t\n\t\t\t\t\t\t\t<span class=\"premium-blog-meta-separator\">\u2022<\/span>\n\t\t\t\t<div class=\"premium-blog-post-time premium-blog-meta-data\">\n\t\t\t\t\t<i class=\"fa fa-calendar-alt\" aria-hidden=\"true\"><\/i>\n\t\t\t\t\t<span>02.04.2026<\/span>\n\t\t\t\t<\/div>\n\t\t\t\n\t\t\t\n\t\t\t\t\t<\/div>\n\t\t\n\t\t\t\t\t<\/div>\n\n\t\t\t\t\t\t\t<div class=\"premium-blog-content-inner-wrapper\">\n\t\t<p class=\"premium-blog-post-content\">Yap\u0131lan g\u00fcncel bir Anthropic ara\u015ft\u0131rmas\u0131, tahminler yerine ilk kez ger\u00e7ek zamanl\u0131 veriler sunuyor. Sonu\u00e7lar, \u015fimdiye kadar bilinene dair her \u015feye ayk\u0131r\u0131. Art\u0131k tahmin yok \u2013 \u2026<\/p>\t\t<\/div>\n\t\t\t\t\t\t\t\n\t\t\t\t<\/div>\n\t\t\t<\/div>\n\t\t<\/div>\n\n\t\t\t\t<div class=\"premium-blog-post-outer-container karriere-deutschland\" data-total=\"1\">\n\t\t\t<div class=\"premium-blog-post-container premium-blog-skin-classic\">\n\t\t\t\t\t\t\t\t\t<div class=\"premium-blog-thumb-effect-wrapper\">\n\t\t\t\t\t\t<div class=\"premium-blog-thumbnail-container premium-blog-zoomin-effect\">\n\t\t\t\t\t\t\t<img loading=\"lazy\" decoding=\"async\" width=\"1696\" height=\"624\" src=\"https:\/\/job.manualjobsearch.com\/wp-content\/uploads\/2026\/03\/ki-arbeitsmarkt.png\" class=\"attachment-full size-full wp-image-12118\" alt=\"\" srcset=\"https:\/\/job.manualjobsearch.com\/wp-content\/uploads\/2026\/03\/ki-arbeitsmarkt.png 1696w, https:\/\/job.manualjobsearch.com\/wp-content\/uploads\/2026\/03\/ki-arbeitsmarkt-300x110.png 300w, https:\/\/job.manualjobsearch.com\/wp-content\/uploads\/2026\/03\/ki-arbeitsmarkt-1024x377.png 1024w, https:\/\/job.manualjobsearch.com\/wp-content\/uploads\/2026\/03\/ki-arbeitsmarkt-768x283.png 768w, https:\/\/job.manualjobsearch.com\/wp-content\/uploads\/2026\/03\/ki-arbeitsmarkt-1536x565.png 1536w, https:\/\/job.manualjobsearch.com\/wp-content\/uploads\/2026\/03\/ki-arbeitsmarkt-18x7.png 18w\" sizes=\"(max-width: 1696px) 100vw, 1696px\" \/>\t\t\t\t\t\t<\/div>\n\t\t\t\t\t\t\t\t\t\t\t\t\t<div class=\"premium-blog-thumbnail-overlay\">\n\t\t\t\t\t\t\t\t<a class=\"elementor-icon\" href=\"https:\/\/job.manualjobsearch.com\/tr\/kuenstliche-intelligenz-und-arbeitsmarkt-warum-die-eigentliche-veraenderung-erst-beginnt\/\" target=\"_blank\"><\/a>\n\t\t\t\t\t\t\t<\/div>\n\n\t\t\t\t\t\t\t\t\t\t\t\t\t\t\t\t\t\t<\/div>\n\t\t\t\t\t\t\t\t\t\t\t\t<div class=\"premium-blog-content-wrapper\">\n\n\t\t\t\t\t<div class=\"premium-blog-inner-container\">\n\n\t\t\t\t\t\t\t\t\t\t\t\t\t\t<h2 class=\"premium-blog-entry-title\">\n\t\t\t<a href=\"https:\/\/job.manualjobsearch.com\/tr\/kuenstliche-intelligenz-und-arbeitsmarkt-warum-die-eigentliche-veraenderung-erst-beginnt\/\" target=\"_blank\">\n\t\t\t\tYapay zeka ve i\u015fg\u00fcc\u00fc piyasas\u0131: ger\u00e7ek de\u011fi\u015fim neden daha yeni ba\u015fl\u0131yor?\t\t\t<\/a>\n\t\t<\/h2>\n\t\t\t\t<div class=\"premium-blog-entry-meta\">\n\t\t\t\n\t\t\t\t\t\t\t<span class=\"premium-blog-meta-separator\">\u2022<\/span>\n\t\t\t\t<div class=\"premium-blog-post-time premium-blog-meta-data\">\n\t\t\t\t\t<i class=\"fa fa-calendar-alt\" aria-hidden=\"true\"><\/i>\n\t\t\t\t\t<span>26.03.2026<\/span>\n\t\t\t\t<\/div>\n\t\t\t\n\t\t\t\n\t\t\t\t\t<\/div>\n\t\t\n\t\t\t\t\t<\/div>\n\n\t\t\t\t\t\t\t<div class=\"premium-blog-content-inner-wrapper\">\n\t\t<p class=\"premium-blog-post-content\">\u0130\u015fg\u00fcc\u00fc piyasas\u0131nda yapay zeka ile ilgili tart\u0131\u015fmalar genellikle iki u\u00e7 noktaya indirgeniyor. Ger\u00e7ek ise bu iki u\u00e7 aras\u0131nda yer almaktad\u0131r.<\/p>\t\t<\/div>\n\t\t\t\t\t\t\t\n\t\t\t\t<\/div>\n\t\t\t<\/div>\n\t\t<\/div>\n\n\t\t\t\t<div class=\"premium-blog-post-outer-container karriere-deutschland\" data-total=\"1\">\n\t\t\t<div class=\"premium-blog-post-container premium-blog-skin-classic\">\n\t\t\t\t\t\t\t\t\t<div class=\"premium-blog-thumb-effect-wrapper\">\n\t\t\t\t\t\t<div class=\"premium-blog-thumbnail-container premium-blog-zoomin-effect\">\n\t\t\t\t\t\t\t<img loading=\"lazy\" decoding=\"async\" width=\"1280\" height=\"480\" src=\"https:\/\/job.manualjobsearch.com\/wp-content\/uploads\/2026\/03\/photo_2026-03-18_21-28-01-2.jpg\" class=\"attachment-full size-full wp-image-12052\" alt=\"\" srcset=\"https:\/\/job.manualjobsearch.com\/wp-content\/uploads\/2026\/03\/photo_2026-03-18_21-28-01-2.jpg 1280w, https:\/\/job.manualjobsearch.com\/wp-content\/uploads\/2026\/03\/photo_2026-03-18_21-28-01-2-300x113.jpg 300w, https:\/\/job.manualjobsearch.com\/wp-content\/uploads\/2026\/03\/photo_2026-03-18_21-28-01-2-1024x384.jpg 1024w, https:\/\/job.manualjobsearch.com\/wp-content\/uploads\/2026\/03\/photo_2026-03-18_21-28-01-2-768x288.jpg 768w, https:\/\/job.manualjobsearch.com\/wp-content\/uploads\/2026\/03\/photo_2026-03-18_21-28-01-2-18x7.jpg 18w\" sizes=\"(max-width: 1280px) 100vw, 1280px\" \/>\t\t\t\t\t\t<\/div>\n\t\t\t\t\t\t\t\t\t\t\t\t\t<div class=\"premium-blog-thumbnail-overlay\">\n\t\t\t\t\t\t\t\t<a class=\"elementor-icon\" href=\"https:\/\/job.manualjobsearch.com\/tr\/wie-kuenstliche-intelligenz-den-beruf-des-bauingenieurs-veraendert\/\" target=\"_blank\"><\/a>\n\t\t\t\t\t\t\t<\/div>\n\n\t\t\t\t\t\t\t\t\t\t\t\t\t\t\t\t\t\t<\/div>\n\t\t\t\t\t\t\t\t\t\t\t\t<div class=\"premium-blog-content-wrapper\">\n\n\t\t\t\t\t<div class=\"premium-blog-inner-container\">\n\n\t\t\t\t\t\t\t\t\t\t\t\t\t\t<h2 class=\"premium-blog-entry-title\">\n\t\t\t<a href=\"https:\/\/job.manualjobsearch.com\/tr\/wie-kuenstliche-intelligenz-den-beruf-des-bauingenieurs-veraendert\/\" target=\"_blank\">\n\t\t\t\tYapay zeka in\u015faat m\u00fchendisli\u011fi mesle\u011fini nas\u0131l de\u011fi\u015ftiriyor?\t\t\t<\/a>\n\t\t<\/h2>\n\t\t\t\t<div class=\"premium-blog-entry-meta\">\n\t\t\t\n\t\t\t\t\t\t\t<span class=\"premium-blog-meta-separator\">\u2022<\/span>\n\t\t\t\t<div class=\"premium-blog-post-time premium-blog-meta-data\">\n\t\t\t\t\t<i class=\"fa fa-calendar-alt\" aria-hidden=\"true\"><\/i>\n\t\t\t\t\t<span>18.03.2026<\/span>\n\t\t\t\t<\/div>\n\t\t\t\n\t\t\t\n\t\t\t\t\t<\/div>\n\t\t\n\t\t\t\t\t<\/div>\n\n\t\t\t\t\t\t\t<div class=\"premium-blog-content-inner-wrapper\">\n\t\t<p class=\"premium-blog-post-content\">\u0130n\u015faat sekt\u00f6r\u00fc uzun s\u00fcredir muhafazakar bir sekt\u00f6r olarak g\u00f6r\u00fcl\u00fcyordu. Planlama, statik hesaplamalar ve in\u015faat denetimi on y\u0131llard\u0131r benzer ilkelere uyuyordu. Ancak son y\u0131llarda...<\/p>\t\t<\/div>\n\t\t\t\t\t\t\t\n\t\t\t\t<\/div>\n\t\t\t<\/div>\n\t\t<\/div>\n\n\t\t\t\t\t\t\t<\/div>\n\n\t\t\n\t\t\n\t\t\t\t\t\t<\/div>\n\t\t\t\t<\/div>\n\t\t\t\t<div class=\"elementor-element elementor-element-2f1b531 elementor-widget elementor-widget-spacer\" data-id=\"2f1b531\" data-element_type=\"widget\" data-e-type=\"widget\" data-widget_type=\"spacer.default\">\n\t\t\t\t<div class=\"elementor-widget-container\">\n\t\t\t\t\t\t\t<div class=\"elementor-spacer\">\n\t\t\t<div class=\"elementor-spacer-inner\"><\/div>\n\t\t<\/div>\n\t\t\t\t\t\t<\/div>\n\t\t\t\t<\/div>\n\t\t\t\t\t<\/div>\n\t\t\t\t<\/div>\n\t\t\t\t<\/div>","protected":false},"excerpt":{"rendered":"<p>Blogumuz Pratik i\u015f arama ipu\u00e7lar\u0131, CV optimizasyonu ve i\u015f piyasas\u0131na ili\u015fkin i\u00e7g\u00f6r\u00fcler - hepsi tek bir yerde. T\u00fcm bloglar \u0411\u0435\u0437 \u0440\u0443\u0431\u0440\u0438\u043a\u0438 Almanya'daki uluslararas\u0131 profesyonellerin \u00f6zge\u00e7mi\u015flerindeki be\u015f tipik hata - 06.02.2026 Bir\u00e7ok uluslararas\u0131 profesyonel Almanya'ya sa\u011flam bir deneyim, iyi nitelikler ve net bir motivasyonla geliyor - ancak yine de \u00f6zge\u00e7mi\u015fleri hakk\u0131nda \u00e7ok az geri bildirim al\u0131yorlar ... Neden [...]<\/p>","protected":false},"author":256,"featured_media":0,"parent":0,"menu_order":0,"comment_status":"closed","ping_status":"closed","template":"","meta":{"_acf_changed":false,"footnotes":""},"class_list":["post-11851","page","type-page","status-publish","hentry"],"acf":[],"_links":{"self":[{"href":"https:\/\/job.manualjobsearch.com\/tr\/wp-json\/wp\/v2\/pages\/11851","targetHints":{"allow":["GET"]}}],"collection":[{"href":"https:\/\/job.manualjobsearch.com\/tr\/wp-json\/wp\/v2\/pages"}],"about":[{"href":"https:\/\/job.manualjobsearch.com\/tr\/wp-json\/wp\/v2\/types\/page"}],"author":[{"embeddable":true,"href":"https:\/\/job.manualjobsearch.com\/tr\/wp-json\/wp\/v2\/users\/256"}],"replies":[{"embeddable":true,"href":"https:\/\/job.manualjobsearch.com\/tr\/wp-json\/wp\/v2\/comments?post=11851"}],"version-history":[{"count":0,"href":"https:\/\/job.manualjobsearch.com\/tr\/wp-json\/wp\/v2\/pages\/11851\/revisions"}],"wp:attachment":[{"href":"https:\/\/job.manualjobsearch.com\/tr\/wp-json\/wp\/v2\/media?parent=11851"}],"curies":[{"name":"wp","href":"https:\/\/api.w.org\/{rel}","templated":true}]}}